{"id":9575,"date":"2026-04-09T12:33:20","date_gmt":"2026-04-09T11:33:20","guid":{"rendered":"https:\/\/tech-automation.dk\/centrum-techniczne\/"},"modified":"2026-04-17T08:21:59","modified_gmt":"2026-04-17T07:21:59","slug":"centrum-techniczne","status":"publish","type":"page","link":"https:\/\/tech-automation.host6.slyde.dk\/pl\/centrum-techniczne\/","title":{"rendered":"Centrum techniczne"},"content":{"rendered":"\t\t<div data-elementor-type=\"wp-page\" data-elementor-id=\"9575\" class=\"elementor elementor-9575 elementor-9571\" data-elementor-post-type=\"page\">\n\t\t\t\t<div class=\"elementor-element elementor-element-e2e0410 e-flex e-con-boxed e-con e-parent\" data-id=\"e2e0410\" data-element_type=\"container\" data-e-type=\"container\" data-settings=\"{&quot;background_background&quot;:&quot;gradient&quot;,&quot;motion_fx_motion_fx_scrolling&quot;:&quot;yes&quot;,&quot;animation&quot;:&quot;none&quot;,&quot;motion_fx_devices&quot;:[&quot;desktop&quot;,&quot;tablet&quot;,&quot;mobile&quot;]}\">\n\t\t\t\t\t<div class=\"e-con-inner\">\n\t\t<div class=\"elementor-element elementor-element-7dfc2e8 e-flex e-con-boxed e-con e-child\" data-id=\"7dfc2e8\" data-element_type=\"container\" data-e-type=\"container\">\n\t\t\t\t\t<div class=\"e-con-inner\">\n\t\t<div class=\"elementor-element elementor-element-e08995b e-con-full e-flex e-con e-child\" data-id=\"e08995b\" data-element_type=\"container\" data-e-type=\"container\">\n\t\t\t\t<div class=\"elementor-element elementor-element-30b15d1 elementor-invisible elementor-widget elementor-widget-heading\" data-id=\"30b15d1\" data-element_type=\"widget\" data-e-type=\"widget\" data-settings=\"{&quot;_animation&quot;:&quot;fadeInDown&quot;,&quot;_animation_delay&quot;:500}\" data-widget_type=\"heading.default\">\n\t\t\t\t\t<h1 class=\"elementor-heading-title elementor-size-default\">Cztery centra technologiczne w Danii i Polsce<\/h1>\t\t\t\t<\/div>\n\t\t\t\t<div class=\"elementor-element elementor-element-4184d28 elementor-widget elementor-widget-text-editor\" data-id=\"4184d28\" data-element_type=\"widget\" data-e-type=\"widget\" data-widget_type=\"text-editor.default\">\n\t\t\t\t\t\t\t\t\t<p class=\"p1\">Wraz z otwarciem naszego najnowszego Centrum Technicznego w Esbjerg, Tech Automation wk\u0142ada pe\u0142n\u0105 moc w uruchomienie naszego Centrum E-Mobilno\u015bci i wzmocnienie naszych mo\u017cliwo\u015bci blisko naszych klient\u00f3w.  <\/p>\t\t\t\t\t\t\t\t<\/div>\n\t\t\t\t<\/div>\n\t\t<div class=\"elementor-element elementor-element-a9b9fa8 e-con-full e-flex e-con e-child\" data-id=\"a9b9fa8\" data-element_type=\"container\" data-e-type=\"container\">\n\t\t\t\t<div class=\"elementor-element elementor-element-c30ceb3 elementor-widget elementor-widget-image\" data-id=\"c30ceb3\" data-element_type=\"widget\" data-e-type=\"widget\" data-widget_type=\"image.default\">\n\t\t\t\t\t\t\t\t\t\t\t\t\t\t\t<img fetchpriority=\"high\" decoding=\"async\" width=\"600\" height=\"600\" src=\"https:\/\/tech-automation.host6.slyde.dk\/wp-content\/uploads\/2026\/04\/TA_IKON_TechCentre.png\" class=\"attachment-large size-large wp-image-9606\" alt=\"\" srcset=\"https:\/\/tech-automation.host6.slyde.dk\/wp-content\/uploads\/2026\/04\/TA_IKON_TechCentre.png 600w, https:\/\/tech-automation.host6.slyde.dk\/wp-content\/uploads\/2026\/04\/TA_IKON_TechCentre-300x300.png 300w, https:\/\/tech-automation.host6.slyde.dk\/wp-content\/uploads\/2026\/04\/TA_IKON_TechCentre-150x150.png 150w\" sizes=\"(max-width: 600px) 100vw, 600px\" \/>\t\t\t\t\t\t\t\t\t\t\t\t\t\t\t<\/div>\n\t\t\t\t<\/div>\n\t\t\t\t\t<\/div>\n\t\t\t\t<\/div>\n\t\t\t\t\t<\/div>\n\t\t\t\t<\/div>\n\t\t<div class=\"elementor-element elementor-element-bc90321 e-flex e-con-boxed e-con e-parent\" data-id=\"bc90321\" data-element_type=\"container\" data-e-type=\"container\">\n\t\t\t\t\t<div class=\"e-con-inner\">\n\t\t<div class=\"elementor-element elementor-element-bf4f4c0 e-con-full e-flex e-con e-child\" data-id=\"bf4f4c0\" data-element_type=\"container\" data-e-type=\"container\">\n\t\t<div class=\"elementor-element elementor-element-5f68841 e-con-full e-flex e-con e-child\" data-id=\"5f68841\" data-element_type=\"container\" data-e-type=\"container\">\n\t\t<div class=\"elementor-element elementor-element-36d061c e-con-full e-flex e-con e-child\" data-id=\"36d061c\" data-element_type=\"container\" data-e-type=\"container\">\n\t\t\t\t<div class=\"elementor-element elementor-element-ab199b5 elementor-widget__width-initial elementor-widget elementor-widget-text-editor\" data-id=\"ab199b5\" data-element_type=\"widget\" data-e-type=\"widget\" data-widget_type=\"text-editor.default\">\n\t\t\t\t\t\t\t\t\t<p class=\"p1\"><strong>Zapotrzebowanie na rozwi\u0105zania e-mobilno\u015bci ro\u015bnie, dlatego teraz rozszerzamy dzia\u0142alno\u015b\u0107 Tech Automation o nowe Centrum Technologiczne w Esbjerg.<\/strong><\/p><p class=\"p1\">Nowa siedziba da nam jeszcze lepsze mo\u017cliwo\u015bci rozwoju, produkcji i dostarczania niezawodnych rozwi\u0105za\u0144 e-mobilno\u015bci z wysokim poziomem profesjonalizmu i skupieniem si\u0119 na jako\u015bci w ca\u0142ym procesie. Tech Mobility Centre w Esbjerg powstanie w pomieszczeniach, kt\u00f3re s\u0105 dobrze dostosowane do kolejnej fazy naszego rozwoju. Znajdzie si\u0119 tu administracja, ch\u0142odnia i nowoczesna hala monta\u017cowa z wysokimi sufitami i odpowiednimi narz\u0119dziami do wydajnego monta\u017cu i obs\u0142ugi, w tym d\u017awigiem i mocnymi urz\u0105dzeniami.  <\/p><p class=\"p1\">Daje nam to lepsze warunki do skutecznego i elastycznego rozwi\u0105zywania zada\u0144 w \u015bcis\u0142ej wsp\u00f3\u0142pracy z naszymi klientami. Jednocze\u015bnie jeste\u015bmy jeszcze bli\u017cej projekt\u00f3w, codziennego \u017cycia i potrzeb bran\u017cy, w kt\u00f3rej jako\u015b\u0107, wydajno\u015b\u0107 dostaw i zrozumienie techniczne maj\u0105 kluczowe znaczenie. <\/p><p class=\"p1\">Dzi\u0119ki centrom technicznym w Horsens, Vejle i Esbjerg jeste\u015bmy jeszcze silniejsi geograficznie. Wraz z nasz\u0105 automatyk\u0105 w Vejle, domem panelowym w Horsens i jednostk\u0105 produkcyjn\u0105 w Polsce, staramy si\u0119 by\u0107 jak najbli\u017cej naszych klient\u00f3w &#8211; w dialogu, wsp\u00f3\u0142pracy i dostawie. <\/p><p class=\"p1\">Dla nas rozw\u00f3j to nie tylko wi\u0119cej metr\u00f3w kwadratowych. Chodzi o stworzenie odpowiednich ram dla lepszych rozwi\u0105za\u0144, \u015bci\u015blejszej wsp\u00f3\u0142pracy i wysokiej niezawodno\u015bci dostaw. <\/p>\t\t\t\t\t\t\t\t<\/div>\n\t\t\t\t<\/div>\n\t\t<div class=\"elementor-element elementor-element-6b7140b e-con-full e-flex e-con e-child\" data-id=\"6b7140b\" data-element_type=\"container\" data-e-type=\"container\">\n\t\t\t\t<div class=\"elementor-element elementor-element-d2b396f elementor-widget elementor-widget-video\" data-id=\"d2b396f\" data-element_type=\"widget\" data-e-type=\"widget\" data-settings=\"{&quot;video_type&quot;:&quot;hosted&quot;,&quot;controls&quot;:&quot;yes&quot;}\" data-widget_type=\"video.default\">\n\t\t\t\t\t\t\t<div class=\"e-hosted-video elementor-wrapper elementor-open-inline\">\n\t\t\t\t\t<video class=\"elementor-video\" src=\"https:\/\/tech-automation.host6.slyde.dk\/wp-content\/uploads\/2026\/04\/Lillebaeltvej-6-Esbjerg.mp4\" controls=\"\" preload=\"metadata\" controlsList=\"nodownload\"><\/video>\n\t\t\t\t<\/div>\n\t\t\t\t\t\t<\/div>\n\t\t\t\t<\/div>\n\t\t\t\t<\/div>\n\t\t<div class=\"elementor-element elementor-element-727fd5b e-con-full e-flex e-con e-child\" data-id=\"727fd5b\" data-element_type=\"container\" data-e-type=\"container\">\n\t\t<div class=\"elementor-element elementor-element-23ae58e e-con-full e-flex e-con e-child\" data-id=\"23ae58e\" data-element_type=\"container\" data-e-type=\"container\" data-settings=\"{&quot;background_background&quot;:&quot;classic&quot;}\">\n\t\t\t\t<div class=\"elementor-element elementor-element-497467c elementor-widget elementor-widget-heading\" data-id=\"497467c\" data-element_type=\"widget\" data-e-type=\"widget\" data-widget_type=\"heading.default\">\n\t\t\t\t\t<h3 class=\"elementor-heading-title elementor-size-default\">Wi\u0119cej opcji.  <br>Bli\u017cej klienta.<\/h3>\t\t\t\t<\/div>\n\t\t\t\t<div class=\"elementor-element elementor-element-334787d elementor-widget elementor-widget-image\" data-id=\"334787d\" data-element_type=\"widget\" data-e-type=\"widget\" data-widget_type=\"image.default\">\n\t\t\t\t\t\t\t\t\t\t\t\t\t\t\t<img decoding=\"async\" width=\"800\" height=\"800\" src=\"https:\/\/tech-automation.host6.slyde.dk\/wp-content\/uploads\/2025\/07\/Jesper_kontakt.png.webp\" class=\"attachment-large size-large wp-image-7534\" alt=\"\" srcset=\"https:\/\/tech-automation.host6.slyde.dk\/wp-content\/uploads\/2025\/07\/Jesper_kontakt.png.webp 889w, https:\/\/tech-automation.host6.slyde.dk\/wp-content\/uploads\/2025\/07\/Jesper_kontakt.png-300x300.webp 300w, https:\/\/tech-automation.host6.slyde.dk\/wp-content\/uploads\/2025\/07\/Jesper_kontakt.png-150x150.webp 150w, https:\/\/tech-automation.host6.slyde.dk\/wp-content\/uploads\/2025\/07\/Jesper_kontakt.png-768x768.webp 768w\" sizes=\"(max-width: 800px) 100vw, 800px\" \/>\t\t\t\t\t\t\t\t\t\t\t\t\t\t\t<\/div>\n\t\t\t\t<div class=\"elementor-element elementor-element-8f01e42 elementor-widget elementor-widget-text-editor\" data-id=\"8f01e42\" data-element_type=\"widget\" data-e-type=\"widget\" data-widget_type=\"text-editor.default\">\n\t\t\t\t\t\t\t\t\t<p><strong>Skontaktuj si\u0119 z Jesperem Juulem, aby dowiedzie\u0107 si\u0119 wi\u0119cej o tym, co mo\u017cemy dla Ciebie zrobi\u0107 dzi\u0119ki naszemu Centrum Technologicznemu.<\/strong><\/p><p><strong>Dyrektor i wsp\u00f3\u0142w\u0142a\u015bciciel<\/strong><br>Mail: <a href=\"mailto:ael@tech-automation.dk\">jj@tech-automation.dk<\/a><br>Mobile: <a href=\"tel%202540%\">+45 2540 0651<\/a><\/p>\t\t\t\t\t\t\t\t<\/div>\n\t\t\t\t<div class=\"elementor-element elementor-element-d0c5155 elementor-align-center elementor-widget elementor-widget-button\" data-id=\"d0c5155\" data-element_type=\"widget\" data-e-type=\"widget\" data-widget_type=\"button.default\">\n\t\t\t\t\t\t\t\t\t\t<a class=\"elementor-button elementor-button-link elementor-size-sm\" href=\"mailto:jj@tech-automation.dk?subject=De%204%20Tech%20Centre\">\n\t\t\t\t\t\t<span class=\"elementor-button-content-wrapper\">\n\t\t\t\t\t\t\t\t\t<span class=\"elementor-button-text\">Skontaktuj si\u0119 z Jesperem tutaj<\/span>\n\t\t\t\t\t<\/span>\n\t\t\t\t\t<\/a>\n\t\t\t\t\t\t\t\t<\/div>\n\t\t\t\t<\/div>\n\t\t\t\t<\/div>\n\t\t\t\t<\/div>\n\t\t\t\t\t<\/div>\n\t\t\t\t<\/div>\n\t\t<div class=\"elementor-element elementor-element-85044c1 e-flex e-con-boxed e-con e-parent\" data-id=\"85044c1\" data-element_type=\"container\" data-e-type=\"container\" data-settings=\"{&quot;background_background&quot;:&quot;classic&quot;}\">\n\t\t\t\t\t<div class=\"e-con-inner\">\n\t\t<div class=\"elementor-element elementor-element-6d7a3e3 e-flex e-con-boxed e-con e-child\" data-id=\"6d7a3e3\" data-element_type=\"container\" data-e-type=\"container\">\n\t\t\t\t\t<div class=\"e-con-inner\">\n\t\t\t\t<div class=\"elementor-element elementor-element-0243b43 elementor-widget elementor-widget-heading\" data-id=\"0243b43\" data-element_type=\"widget\" data-e-type=\"widget\" data-widget_type=\"heading.default\">\n\t\t\t\t\t<h2 class=\"elementor-heading-title elementor-size-default\">Gdzie nas znale\u017a\u0107<\/h2>\t\t\t\t<\/div>\n\t\t\t\t\t<\/div>\n\t\t\t\t<\/div>\n\t\t<div class=\"elementor-element elementor-element-afaf95c e-flex e-con-boxed e-con e-child\" data-id=\"afaf95c\" data-element_type=\"container\" data-e-type=\"container\">\n\t\t\t\t\t<div class=\"e-con-inner\">\n\t\t<div class=\"elementor-element elementor-element-28c708c e-flex e-con-boxed e-con e-child\" data-id=\"28c708c\" data-element_type=\"container\" data-e-type=\"container\">\n\t\t\t\t\t<div class=\"e-con-inner\">\n\t\t\t\t<div class=\"elementor-element elementor-element-b4a0ed7 elementor-widget elementor-widget-image\" data-id=\"b4a0ed7\" data-element_type=\"widget\" data-e-type=\"widget\" data-widget_type=\"image.default\">\n\t\t\t\t\t\t\t\t\t\t\t\t\t\t\t<img decoding=\"async\" width=\"800\" height=\"370\" src=\"https:\/\/tech-automation.host6.slyde.dk\/wp-content\/uploads\/2025\/10\/20250829_093334.jpg\" class=\"attachment-large size-large wp-image-8251\" alt=\"\" srcset=\"https:\/\/tech-automation.host6.slyde.dk\/wp-content\/uploads\/2025\/10\/20250829_093334.jpg 1000w, https:\/\/tech-automation.host6.slyde.dk\/wp-content\/uploads\/2025\/10\/20250829_093334-300x139.jpg 300w, https:\/\/tech-automation.host6.slyde.dk\/wp-content\/uploads\/2025\/10\/20250829_093334-768x355.jpg 768w\" sizes=\"(max-width: 800px) 100vw, 800px\" \/>\t\t\t\t\t\t\t\t\t\t\t\t\t\t\t<\/div>\n\t\t\t\t<div class=\"elementor-element elementor-element-91928c0 elementor-widget elementor-widget-text-editor\" data-id=\"91928c0\" data-element_type=\"widget\" data-e-type=\"widget\" data-widget_type=\"text-editor.default\">\n\t\t\t\t\t\t\t\t\t<p><strong>Tech Automation &#8211; Vejle<br><\/strong><span class=\"elementor-icon-list-text\">Tirsb\u00e6kvej 9<br><\/span><span class=\"elementor-icon-list-text\">7120 Vejle East<\/span><\/p><p>+45 25 40 06 50<\/p>\t\t\t\t\t\t\t\t<\/div>\n\t\t\t\t\t<\/div>\n\t\t\t\t<\/div>\n\t\t<div class=\"elementor-element elementor-element-6d503b2 e-con-full e-flex e-con e-child\" data-id=\"6d503b2\" data-element_type=\"container\" data-e-type=\"container\">\n\t\t\t\t<div class=\"elementor-element elementor-element-def17bf elementor-widget elementor-widget-image\" data-id=\"def17bf\" data-element_type=\"widget\" data-e-type=\"widget\" data-widget_type=\"image.default\">\n\t\t\t\t\t\t\t\t\t\t\t\t\t\t\t<img loading=\"lazy\" decoding=\"async\" width=\"800\" height=\"370\" src=\"https:\/\/tech-automation.host6.slyde.dk\/wp-content\/uploads\/2025\/12\/20250929_112610-1024x473.jpg\" class=\"attachment-large size-large wp-image-8495\" alt=\"\" srcset=\"https:\/\/tech-automation.host6.slyde.dk\/wp-content\/uploads\/2025\/12\/20250929_112610-1024x473.jpg 1024w, https:\/\/tech-automation.host6.slyde.dk\/wp-content\/uploads\/2025\/12\/20250929_112610-300x139.jpg 300w, https:\/\/tech-automation.host6.slyde.dk\/wp-content\/uploads\/2025\/12\/20250929_112610-768x355.jpg 768w, https:\/\/tech-automation.host6.slyde.dk\/wp-content\/uploads\/2025\/12\/20250929_112610-1536x710.jpg 1536w, https:\/\/tech-automation.host6.slyde.dk\/wp-content\/uploads\/2025\/12\/20250929_112610-2048x946.jpg 2048w\" sizes=\"(max-width: 800px) 100vw, 800px\" \/>\t\t\t\t\t\t\t\t\t\t\t\t\t\t\t<\/div>\n\t\t\t\t<div class=\"elementor-element elementor-element-419b49d elementor-widget elementor-widget-text-editor\" data-id=\"419b49d\" data-element_type=\"widget\" data-e-type=\"widget\" data-widget_type=\"text-editor.default\">\n\t\t\t\t\t\t\t\t\t<p><strong>Tech Automation &#8211; Esbjerg<br><\/strong><span class=\"elementor-icon-list-text\">Lilleb\u00e6ltsvej 6c<br><\/span><span class=\"elementor-icon-list-text\">6715 Esbjerg, Dania<\/span><\/p><p>+45 25 40 06 50<\/p>\t\t\t\t\t\t\t\t<\/div>\n\t\t\t\t<\/div>\n\t\t<div class=\"elementor-element elementor-element-a854506 e-con-full e-flex e-con e-child\" data-id=\"a854506\" data-element_type=\"container\" data-e-type=\"container\">\n\t\t\t\t<div class=\"elementor-element elementor-element-7564aa2 elementor-widget elementor-widget-image\" data-id=\"7564aa2\" data-element_type=\"widget\" data-e-type=\"widget\" data-widget_type=\"image.default\">\n\t\t\t\t\t\t\t\t\t\t\t\t\t\t\t<img loading=\"lazy\" decoding=\"async\" width=\"800\" height=\"370\" src=\"https:\/\/tech-automation.host6.slyde.dk\/wp-content\/uploads\/2026\/03\/Facade_Horsens_1000x462.jpg\" class=\"attachment-large size-large wp-image-8838\" alt=\"\" srcset=\"https:\/\/tech-automation.host6.slyde.dk\/wp-content\/uploads\/2026\/03\/Facade_Horsens_1000x462.jpg 1000w, https:\/\/tech-automation.host6.slyde.dk\/wp-content\/uploads\/2026\/03\/Facade_Horsens_1000x462-300x139.jpg 300w, https:\/\/tech-automation.host6.slyde.dk\/wp-content\/uploads\/2026\/03\/Facade_Horsens_1000x462-768x355.jpg 768w\" sizes=\"(max-width: 800px) 100vw, 800px\" \/>\t\t\t\t\t\t\t\t\t\t\t\t\t\t\t<\/div>\n\t\t\t\t<div class=\"elementor-element elementor-element-f5c8ab9 elementor-widget elementor-widget-text-editor\" data-id=\"f5c8ab9\" data-element_type=\"widget\" data-e-type=\"widget\" data-widget_type=\"text-editor.default\">\n\t\t\t\t\t\t\t\t\t<p><strong>Tech Automation &#8211; Horsens<br><\/strong><span class=\"elementor-icon-list-text\">Langballe 10<br><\/span><span class=\"elementor-icon-list-text\">8700 Horsens, Dania<\/span><\/p><p>+45 25 40 06 50<\/p>\t\t\t\t\t\t\t\t<\/div>\n\t\t\t\t<\/div>\n\t\t<div class=\"elementor-element elementor-element-3549a66 e-flex e-con-boxed e-con e-child\" data-id=\"3549a66\" data-element_type=\"container\" data-e-type=\"container\">\n\t\t\t\t\t<div class=\"e-con-inner\">\n\t\t\t\t<div class=\"elementor-element elementor-element-a71e4d0 elementor-widget elementor-widget-image\" data-id=\"a71e4d0\" data-element_type=\"widget\" data-e-type=\"widget\" data-widget_type=\"image.default\">\n\t\t\t\t\t\t\t\t\t\t\t\t\t\t\t<img loading=\"lazy\" decoding=\"async\" width=\"800\" height=\"370\" src=\"https:\/\/tech-automation.host6.slyde.dk\/wp-content\/uploads\/2023\/12\/Ennginno_polen.jpg\" class=\"attachment-large size-large wp-image-3777\" alt=\"\" srcset=\"https:\/\/tech-automation.host6.slyde.dk\/wp-content\/uploads\/2023\/12\/Ennginno_polen.jpg 1000w, https:\/\/tech-automation.host6.slyde.dk\/wp-content\/uploads\/2023\/12\/Ennginno_polen-300x139.jpg 300w, https:\/\/tech-automation.host6.slyde.dk\/wp-content\/uploads\/2023\/12\/Ennginno_polen-768x355.jpg 768w\" sizes=\"(max-width: 800px) 100vw, 800px\" \/>\t\t\t\t\t\t\t\t\t\t\t\t\t\t\t<\/div>\n\t\t\t\t<div class=\"elementor-element elementor-element-4a9883a elementor-widget elementor-widget-text-editor\" data-id=\"4a9883a\" data-element_type=\"widget\" data-e-type=\"widget\" data-widget_type=\"text-editor.default\">\n\t\t\t\t\t\t\t\t\t<p><strong>Tech Automation &#8211; Szczecin<\/strong><br>D\u0105bska 69 <br>70-789 Szczecin<\/p><p>+48 602 564 759<\/p>\t\t\t\t\t\t\t\t<\/div>\n\t\t\t\t\t<\/div>\n\t\t\t\t<\/div>\n\t\t\t\t\t<\/div>\n\t\t\t\t<\/div>\n\t\t\t\t\t<\/div>\n\t\t\t\t<\/div>\n\t\t<div class=\"elementor-element elementor-element-1c0db59 e-flex e-con-boxed e-con e-parent\" data-id=\"1c0db59\" data-element_type=\"container\" data-e-type=\"container\">\n\t\t\t\t\t<div class=\"e-con-inner\">\n\t\t<div class=\"elementor-element elementor-element-f277135 e-flex e-con-boxed e-con e-child\" data-id=\"f277135\" data-element_type=\"container\" data-e-type=\"container\">\n\t\t\t\t\t<div class=\"e-con-inner\">\n\t\t<div class=\"elementor-element elementor-element-e95fa60 e-flex e-con-boxed e-con e-child\" data-id=\"e95fa60\" data-element_type=\"container\" data-e-type=\"container\">\n\t\t\t\t\t<div class=\"e-con-inner\">\n\t\t<div class=\"elementor-element elementor-element-e0202df e-con-full e-flex e-con e-child\" data-id=\"e0202df\" data-element_type=\"container\" data-e-type=\"container\">\n\t\t\t\t<div class=\"elementor-element elementor-element-f80137e elementor-widget__width-initial elementor-widget elementor-widget-heading\" data-id=\"f80137e\" data-element_type=\"widget\" data-e-type=\"widget\" data-widget_type=\"heading.default\">\n\t\t\t\t\t<h2 class=\"elementor-heading-title elementor-size-default\">Potrzebujesz naszej pomocy?<\/h2>\t\t\t\t<\/div>\n\t\t\t\t<div class=\"elementor-element elementor-element-f9cdd3c elementor-widget elementor-widget-text-editor\" data-id=\"f9cdd3c\" data-element_type=\"widget\" data-e-type=\"widget\" data-widget_type=\"text-editor.default\">\n\t\t\t\t\t\t\t\t\t<p>Wybierz Tech Automation jako swojego partnera w seryjnej produkcji paneli sterowania i przekonaj si\u0119, jak\u0105 r\u00f3\u017cnic\u0119 mo\u017ce zrobi\u0107 nasze zaanga\u017cowanie w jako\u015b\u0107, niezawodno\u015b\u0107 i zadowolenie klienta. Skontaktuj si\u0119 z nami ju\u017c dzi\u015b, aby rozpocz\u0105\u0107 dialog na temat tego, jak mo\u017cemy wesprze\u0107 Twoje projekty i przyczyni\u0107 si\u0119 do Twojego sukcesu.<\/p>\t\t\t\t\t\t\t\t<\/div>\n\t\t\t\t<\/div>\n\t\t<div class=\"elementor-element elementor-element-d7b61da e-flex e-con-boxed e-con e-child\" data-id=\"d7b61da\" data-element_type=\"container\" data-e-type=\"container\">\n\t\t\t\t\t<div class=\"e-con-inner\">\n\t\t\t\t<div class=\"elementor-element elementor-element-9396d31 elementor-button-align-stretch elementor-widget elementor-widget-form\" data-id=\"9396d31\" data-element_type=\"widget\" data-e-type=\"widget\" data-settings=\"{&quot;step_next_label&quot;:&quot;Nast\\u0119pny&quot;,&quot;step_previous_label&quot;:&quot;Wcze\\u015bniej&quot;,&quot;button_width&quot;:&quot;100&quot;,&quot;step_type&quot;:&quot;number_text&quot;,&quot;step_icon_shape&quot;:&quot;circle&quot;}\" data-widget_type=\"form.default\">\n\t\t\t\t\t\t\t<form class=\"elementor-form\" method=\"post\" name=\"Nowy formularz\" aria-label=\"Nowy formularz\">\n\t\t\t<input type=\"hidden\" name=\"post_id\" value=\"9575\"\/>\n\t\t\t<input type=\"hidden\" name=\"form_id\" value=\"9396d31\"\/>\n\t\t\t<input type=\"hidden\" name=\"referer_title\" value=\"Centrum techniczne - Tech Automation\" \/>\n\n\t\t\t\t\t\t\t<input type=\"hidden\" name=\"queried_id\" value=\"9575\"\/>\n\t\t\t\n\t\t\t<div class=\"elementor-form-fields-wrapper elementor-labels-above\">\n\t\t\t\t\t\t\t\t<div class=\"elementor-field-type-text elementor-field-group elementor-column elementor-field-group-name elementor-col-100\">\n\t\t\t\t\t\t\t\t\t\t\t\t<label for=\"form-field-name\" class=\"elementor-field-label\">\n\t\t\t\t\t\t\t\tNazwa\t\t\t\t\t\t\t<\/label>\n\t\t\t\t\t\t\t\t\t\t\t\t\t\t<input size=\"1\" type=\"text\" name=\"form_fields[name]\" id=\"form-field-name\" class=\"elementor-field elementor-size-sm  elementor-field-textual\" placeholder=\"Nazwa\">\n\t\t\t\t\t\t\t\t\t\t\t<\/div>\n\t\t\t\t\t\t\t\t<div class=\"elementor-field-type-email elementor-field-group elementor-column elementor-field-group-email elementor-col-100 elementor-field-required\">\n\t\t\t\t\t\t\t\t\t\t\t\t<label for=\"form-field-email\" class=\"elementor-field-label\">\n\t\t\t\t\t\t\t\tE-mail\t\t\t\t\t\t\t<\/label>\n\t\t\t\t\t\t\t\t\t\t\t\t\t\t<input size=\"1\" type=\"email\" name=\"form_fields[email]\" id=\"form-field-email\" class=\"elementor-field elementor-size-sm  elementor-field-textual\" placeholder=\"E-mail\" required=\"required\">\n\t\t\t\t\t\t\t\t\t\t\t<\/div>\n\t\t\t\t\t\t\t\t<div class=\"elementor-field-type-textarea elementor-field-group elementor-column elementor-field-group-message elementor-col-100\">\n\t\t\t\t\t\t\t\t\t\t\t\t<label for=\"form-field-message\" class=\"elementor-field-label\">\n\t\t\t\t\t\t\t\tOg\u0142oszenie\t\t\t\t\t\t\t<\/label>\n\t\t\t\t\t\t<textarea class=\"elementor-field-textual elementor-field  elementor-size-sm\" name=\"form_fields[message]\" id=\"form-field-message\" rows=\"4\" placeholder=\"Og\u0142oszenie\"><\/textarea>\t\t\t\t<\/div>\n\t\t\t\t\t\t\t\t<div class=\"elementor-field-group elementor-column elementor-field-type-submit elementor-col-100 e-form__buttons\">\n\t\t\t\t\t<button class=\"elementor-button elementor-size-sm\" type=\"submit\">\n\t\t\t\t\t\t<span class=\"elementor-button-content-wrapper\">\n\t\t\t\t\t\t\t\t\t\t\t\t\t\t\t\t\t\t\t\t\t\t<span class=\"elementor-button-text\">Wy\u015blij<\/span>\n\t\t\t\t\t\t\t\t\t\t\t\t\t<\/span>\n\t\t\t\t\t<\/button>\n\t\t\t\t<\/div>\n\t\t\t<\/div>\n\t\t<\/form>\n\t\t\t\t\t\t<\/div>\n\t\t\t\t\t<\/div>\n\t\t\t\t<\/div>\n\t\t\t\t\t<\/div>\n\t\t\t\t<\/div>\n\t\t\t\t\t<\/div>\n\t\t\t\t<\/div>\n\t\t\t\t\t<\/div>\n\t\t\t\t<\/div>\n\t\t\t\t<\/div>\n\t\t","protected":false},"excerpt":{"rendered":"<p>Cztery centra technologiczne w Danii i Polsce Wraz z otwarciem naszego najnowszego Centrum Technicznego w Esbjerg, Tech Automation wk\u0142ada pe\u0142n\u0105 moc w uruchomienie naszego Centrum E-Mobilno\u015bci i wzmocnienie naszych mo\u017cliwo\u015bci blisko naszych klient\u00f3w. Naszym celem jest tworzenie warto\u015bci i bycie partnerem, kt\u00f3ry robi prawdziw\u0105 r\u00f3\u017cnic\u0119. Ty decydujesz o koncepcji &#8211; my dostarczamy dok\u0142adnie takie zasoby, [&hellip;]<\/p>\n","protected":false},"author":4,"featured_media":0,"parent":0,"menu_order":0,"comment_status":"closed","ping_status":"closed","template":"","meta":{"footnotes":""},"class_list":["post-9575","page","type-page","status-publish","hentry"],"_links":{"self":[{"href":"https:\/\/tech-automation.host6.slyde.dk\/pl\/wp-json\/wp\/v2\/pages\/9575","targetHints":{"allow":["GET"]}}],"collection":[{"href":"https:\/\/tech-automation.host6.slyde.dk\/pl\/wp-json\/wp\/v2\/pages"}],"about":[{"href":"https:\/\/tech-automation.host6.slyde.dk\/pl\/wp-json\/wp\/v2\/types\/page"}],"author":[{"embeddable":true,"href":"https:\/\/tech-automation.host6.slyde.dk\/pl\/wp-json\/wp\/v2\/users\/4"}],"replies":[{"embeddable":true,"href":"https:\/\/tech-automation.host6.slyde.dk\/pl\/wp-json\/wp\/v2\/comments?post=9575"}],"version-history":[{"count":13,"href":"https:\/\/tech-automation.host6.slyde.dk\/pl\/wp-json\/wp\/v2\/pages\/9575\/revisions"}],"predecessor-version":[{"id":9693,"href":"https:\/\/tech-automation.host6.slyde.dk\/pl\/wp-json\/wp\/v2\/pages\/9575\/revisions\/9693"}],"wp:attachment":[{"href":"https:\/\/tech-automation.host6.slyde.dk\/pl\/wp-json\/wp\/v2\/media?parent=9575"}],"curies":[{"name":"wp","href":"https:\/\/api.w.org\/{rel}","templated":true}]}}