{"id":9431,"date":"2026-04-09T07:14:06","date_gmt":"2026-04-09T06:14:06","guid":{"rendered":"https:\/\/tech-automation.dk\/kierownik-dzialu\/"},"modified":"2026-04-09T07:39:56","modified_gmt":"2026-04-09T06:39:56","slug":"kierownik-dzialu","status":"publish","type":"page","link":"https:\/\/tech-automation.host6.slyde.dk\/pl\/kierownik-dzialu\/","title":{"rendered":"Kierownik dzia\u0142u"},"content":{"rendered":"\t\t<div data-elementor-type=\"wp-page\" data-elementor-id=\"9431\" class=\"elementor elementor-9431 elementor-9428\" data-elementor-post-type=\"page\">\n\t\t\t\t\t\t<section class=\"elementor-section elementor-top-section elementor-element elementor-element-58868d8f elementor-section-height-min-height elementor-section-items-top elementor-section-boxed elementor-section-height-default\" data-id=\"58868d8f\" data-element_type=\"section\" data-e-type=\"section\" data-settings=\"{&quot;background_background&quot;:&quot;classic&quot;,&quot;motion_fx_motion_fx_scrolling&quot;:&quot;yes&quot;,&quot;animation&quot;:&quot;none&quot;,&quot;motion_fx_devices&quot;:[&quot;desktop&quot;,&quot;tablet&quot;,&quot;mobile&quot;]}\">\n\t\t\t\t\t\t\t<div class=\"elementor-background-overlay\"><\/div>\n\t\t\t\t\t\t\t<div class=\"elementor-container elementor-column-gap-default\">\n\t\t\t\t\t<div class=\"elementor-column elementor-col-100 elementor-top-column elementor-element elementor-element-4a5df190\" data-id=\"4a5df190\" data-element_type=\"column\" data-e-type=\"column\">\n\t\t\t<div class=\"elementor-widget-wrap elementor-element-populated\">\n\t\t\t\t<div class=\"elementor-element elementor-element-12fe0df e-flex e-con-boxed e-con e-parent\" data-id=\"12fe0df\" data-element_type=\"container\" data-e-type=\"container\">\n\t\t\t\t\t<div class=\"e-con-inner\">\n\t\t\t\t<div class=\"elementor-element elementor-element-dbfa917 elementor-invisible elementor-widget elementor-widget-heading\" data-id=\"dbfa917\" data-element_type=\"widget\" data-e-type=\"widget\" data-settings=\"{&quot;_animation&quot;:&quot;fadeInDown&quot;,&quot;_animation_delay&quot;:500}\" data-widget_type=\"heading.default\">\n\t\t\t\t\t<h2 class=\"elementor-heading-title elementor-size-default\">Kierownik dzia\u0142u ds. warsztat\u00f3w tablicowych<\/h2>\t\t\t\t<\/div>\n\t\t\t\t<div class=\"elementor-element elementor-element-dd2fcef elementor-widget elementor-widget-text-editor\" data-id=\"dd2fcef\" data-element_type=\"widget\" data-e-type=\"widget\" data-widget_type=\"text-editor.default\">\n\t\t\t\t\t\t\t\t\t<p><strong>Czy chcesz kierowa\u0107 silnym, profesjonalnym zespo\u0142em i pom\u00f3c w zapewnieniu wysokiej jako\u015bci produkcji paneli elektrycznych?  <br><\/strong><strong>W takim razie mo\u017cesz zosta\u0107 naszym nowym kierownikiem dzia\u0142u warsztat\u00f3w tablicowych.<\/strong><\/p><p><strong>Informacje o stanowisku<\/strong><\/p><p>Jako kierownik dzia\u0142u b\u0119dziesz ponosi\u0107 og\u00f3ln\u0105 odpowiedzialno\u015b\u0107 za codzienne operacje w sklepie z panelami. B\u0119dziesz dba\u0107 o wydajn\u0105, bezpieczn\u0105 i wysokiej jako\u015bci produkcj\u0119, jednocze\u015bnie motywuj\u0105c i rozwijaj\u0105c pracownik\u00f3w dzia\u0142u.  B\u0119dziesz wa\u017cn\u0105 cz\u0119\u015bci\u0105 codziennego \u017cycia w warsztacie, gdzie b\u0119dziesz tworzy\u0107 przegl\u0105d, ustala\u0107 priorytety zada\u0144 i zapewnia\u0107 dobr\u0105 wsp\u00f3\u0142prac\u0119 mi\u0119dzy projektami i funkcjami.<\/p><p><strong>Twoje podstawowe zadania<\/strong><\/p><ul><li>Kierowanie i koordynowanie pracownik\u00f3w w warsztacie panelowym<\/li><li>Planowanie i ustalanie priorytet\u00f3w zada\u0144 we wsp\u00f3\u0142pracy z kierownikami projekt\u00f3w<\/li><li>Zapewnienie jako\u015bci, dokumentacji i zgodno\u015bci z obowi\u0105zuj\u0105cymi normami<\/li><li>Optymalizacja proces\u00f3w pracy i przep\u0142ywu produkcji<\/li><li>Udzia\u0142 w przetargach i sparingach technicznych<\/li><li>Koncentracja na bezpiecze\u0144stwie i higienie pracy w codziennej pracy<\/li><\/ul><p><strong>Oczekujemy, \u017ce<\/strong><\/p><ul><li>Posiada\u0107 wykszta\u0142cenie elektrotechniczne, na przyk\u0142ad jako elektryk, technik automatyk lub instalator elektryczny.<\/li><li>Do\u015bwiadczenie w budowaniu paneli elektrycznych<\/li><li>Masz do\u015bwiadczenie w zarz\u0105dzaniu lub jeste\u015b gotowy, aby zrobi\u0107 kolejny krok w swojej karierze.<\/li><li>Pracuje w zorganizowany spos\u00f3b i jest dobry w tworzeniu og\u00f3lnego zarysu.<\/li><li>Jest jasnym i motywuj\u0105cym liderem<\/li><li>Koncentracja na jako\u015bci, poprawie i wsp\u00f3\u0142pracy<\/li><\/ul><p><strong>Oferujemy<\/strong><\/p><ul><li>Ekscytuj\u0105cy i wszechstronny dzie\u0144 pracy w firmie zorientowanej na rozw\u00f3j<\/li><li>Du\u017ce mo\u017cliwo\u015bci rozwoju zawodowego i osobistego<\/li><li>Nieformalne \u015brodowisko pracy z wykwalifikowanymi i zaanga\u017cowanymi wsp\u00f3\u0142pracownikami<\/li><li>Wynagrodzenie zgodne z kwalifikacjami, emerytura i opieka zdrowotna<\/li><\/ul><p><strong>Jak z\u0142o\u017cy\u0107 wniosek<\/strong><\/p><p>Czy to stanowisko brzmi jak co\u015b dla Ciebie?  <br>Wy\u015blij swoj\u0105 aplikacj\u0119 i CV do Jespera Juula tak szybko, jak to mo\u017cliwe. Prowadzimy rozmowy kwalifikacyjne na bie\u017c\u0105co i zatrudniamy, gdy znajdziemy odpowiednich kandydat\u00f3w. <\/p><p>W przypadku pyta\u0144 dotycz\u0105cych tego stanowiska prosimy o kontakt z Jesperem Juulem pod numerem +45 2540 0651.<\/p><p>Czekamy na wiadomo\u015b\u0107 od Ciebie.<\/p>\t\t\t\t\t\t\t\t<\/div>\n\t\t\t\t<div class=\"elementor-element elementor-element-0bef651 elementor-widget elementor-widget-button\" data-id=\"0bef651\" data-element_type=\"widget\" data-e-type=\"widget\" data-widget_type=\"button.default\">\n\t\t\t\t\t\t\t\t\t\t<a class=\"elementor-button elementor-button-link elementor-size-sm\" href=\"mailto:info@tech-automation.dk?subject=Ans\u00f8gning%20do%20mened\u017cera%20wdro\u017cenia\">\n\t\t\t\t\t\t<span class=\"elementor-button-content-wrapper\">\n\t\t\t\t\t\t\t\t\t<span class=\"elementor-button-text\">Wy\u015blij aplikacj\u0119<\/span>\n\t\t\t\t\t<\/span>\n\t\t\t\t\t<\/a>\n\t\t\t\t\t\t\t\t<\/div>\n\t\t\t\t\t<\/div>\n\t\t\t\t<\/div>\n\t\t\t\t\t<\/div>\n\t\t<\/div>\n\t\t\t\t\t<\/div>\n\t\t<\/section>\n\t\t\t\t<\/div>\n\t\t","protected":false},"excerpt":{"rendered":"<p>Kierownik dzia\u0142u ds. warsztat\u00f3w tablicowych Czy chcesz kierowa\u0107 silnym, profesjonalnym zespo\u0142em i pom\u00f3c w zapewnieniu wysokiej jako\u015bci produkcji paneli elektrycznych? W takim razie mo\u017cesz zosta\u0107 naszym nowym kierownikiem dzia\u0142u warsztat\u00f3w tablicowych. Informacje o stanowisku Jako kierownik dzia\u0142u b\u0119dziesz ponosi\u0107 og\u00f3ln\u0105 odpowiedzialno\u015b\u0107 za codzienne operacje w sklepie z panelami. B\u0119dziesz dba\u0107 o wydajn\u0105, bezpieczn\u0105 i wysokiej [&hellip;]<\/p>\n","protected":false},"author":4,"featured_media":0,"parent":0,"menu_order":0,"comment_status":"closed","ping_status":"closed","template":"","meta":{"footnotes":""},"class_list":["post-9431","page","type-page","status-publish","hentry"],"_links":{"self":[{"href":"https:\/\/tech-automation.host6.slyde.dk\/pl\/wp-json\/wp\/v2\/pages\/9431","targetHints":{"allow":["GET"]}}],"collection":[{"href":"https:\/\/tech-automation.host6.slyde.dk\/pl\/wp-json\/wp\/v2\/pages"}],"about":[{"href":"https:\/\/tech-automation.host6.slyde.dk\/pl\/wp-json\/wp\/v2\/types\/page"}],"author":[{"embeddable":true,"href":"https:\/\/tech-automation.host6.slyde.dk\/pl\/wp-json\/wp\/v2\/users\/4"}],"replies":[{"embeddable":true,"href":"https:\/\/tech-automation.host6.slyde.dk\/pl\/wp-json\/wp\/v2\/comments?post=9431"}],"version-history":[{"count":7,"href":"https:\/\/tech-automation.host6.slyde.dk\/pl\/wp-json\/wp\/v2\/pages\/9431\/revisions"}],"predecessor-version":[{"id":9466,"href":"https:\/\/tech-automation.host6.slyde.dk\/pl\/wp-json\/wp\/v2\/pages\/9431\/revisions\/9466"}],"wp:attachment":[{"href":"https:\/\/tech-automation.host6.slyde.dk\/pl\/wp-json\/wp\/v2\/media?parent=9431"}],"curies":[{"name":"wp","href":"https:\/\/api.w.org\/{rel}","templated":true}]}}