{"id":8741,"date":"2026-03-18T14:58:10","date_gmt":"2026-03-18T13:58:10","guid":{"rendered":"https:\/\/tech-automation.dk\/warsztat-kredowy\/"},"modified":"2026-03-24T14:26:12","modified_gmt":"2026-03-24T13:26:12","slug":"warsztat-kredowy","status":"publish","type":"page","link":"https:\/\/tech-automation.host6.slyde.dk\/pl\/warsztat-kredowy\/","title":{"rendered":"Warsztat kredowy"},"content":{"rendered":"\t\t<div data-elementor-type=\"wp-page\" data-elementor-id=\"8741\" class=\"elementor elementor-8741 elementor-8739\" data-elementor-post-type=\"page\">\n\t\t\t\t<div class=\"elementor-element elementor-element-e2e0410 e-flex e-con-boxed e-con e-parent\" data-id=\"e2e0410\" data-element_type=\"container\" data-e-type=\"container\" data-settings=\"{&quot;background_background&quot;:&quot;gradient&quot;,&quot;motion_fx_motion_fx_scrolling&quot;:&quot;yes&quot;,&quot;animation&quot;:&quot;none&quot;,&quot;motion_fx_devices&quot;:[&quot;desktop&quot;,&quot;tablet&quot;,&quot;mobile&quot;]}\">\n\t\t\t\t\t<div class=\"e-con-inner\">\n\t\t<div class=\"elementor-element elementor-element-7dfc2e8 e-flex e-con-boxed e-con e-child\" data-id=\"7dfc2e8\" data-element_type=\"container\" data-e-type=\"container\">\n\t\t\t\t\t<div class=\"e-con-inner\">\n\t\t<div class=\"elementor-element elementor-element-1ee1b0e e-con-full e-flex e-con e-child\" data-id=\"1ee1b0e\" data-element_type=\"container\" data-e-type=\"container\">\n\t\t\t\t<div class=\"elementor-element elementor-element-30b15d1 elementor-invisible elementor-widget elementor-widget-heading\" data-id=\"30b15d1\" data-element_type=\"widget\" data-e-type=\"widget\" data-settings=\"{&quot;_animation&quot;:&quot;fadeInDown&quot;,&quot;_animation_delay&quot;:500}\" data-widget_type=\"heading.default\">\n\t\t\t\t\t<h1 class=\"elementor-heading-title elementor-size-default\">Warsztat kredowy<\/h1>\t\t\t\t<\/div>\n\t\t\t\t<div class=\"elementor-element elementor-element-4e9def8 elementor-widget-tablet__width-initial elementor-widget elementor-widget-text-editor\" data-id=\"4e9def8\" data-element_type=\"widget\" data-e-type=\"widget\" data-widget_type=\"text-editor.default\">\n\t\t\t\t\t\t\t\t\t<p class=\"p1\">Tech Electrical Switchboards to warsztat rozdzielnic Tech Automation, kt\u00f3ry dostarcza wysokiej jako\u015bci rozdzielnice budowlane, rozdzielnice i tablice rozdzielcze. Zawsze koncentruj\u0105c si\u0119 na dobrym rzemio\u015ble, niezawodnych rozwi\u0105zaniach i kr\u00f3tkich terminach dostaw, Tech Eltavler jest silnym i niezawodnym partnerem w budowie rozdzielnic. <\/p>\t\t\t\t\t\t\t\t<\/div>\n\t\t\t\t<\/div>\n\t\t<div class=\"elementor-element elementor-element-1bae8bb e-con-full e-flex e-con e-child\" data-id=\"1bae8bb\" data-element_type=\"container\" data-e-type=\"container\">\n\t\t\t\t<div class=\"elementor-element elementor-element-c30ceb3 elementor-widget elementor-widget-image\" data-id=\"c30ceb3\" data-element_type=\"widget\" data-e-type=\"widget\" data-widget_type=\"image.default\">\n\t\t\t\t\t\t\t\t\t\t\t\t\t\t\t<img fetchpriority=\"high\" decoding=\"async\" width=\"600\" height=\"600\" src=\"https:\/\/tech-automation.host6.slyde.dk\/wp-content\/uploads\/2026\/03\/TA_IKON_Tech_eltavler.png\" class=\"attachment-large size-large wp-image-8759\" alt=\"\" srcset=\"https:\/\/tech-automation.host6.slyde.dk\/wp-content\/uploads\/2026\/03\/TA_IKON_Tech_eltavler.png 600w, https:\/\/tech-automation.host6.slyde.dk\/wp-content\/uploads\/2026\/03\/TA_IKON_Tech_eltavler-300x300.png 300w, https:\/\/tech-automation.host6.slyde.dk\/wp-content\/uploads\/2026\/03\/TA_IKON_Tech_eltavler-150x150.png 150w\" sizes=\"(max-width: 600px) 100vw, 600px\" \/>\t\t\t\t\t\t\t\t\t\t\t\t\t\t\t<\/div>\n\t\t\t\t<\/div>\n\t\t\t\t\t<\/div>\n\t\t\t\t<\/div>\n\t\t\t\t\t<\/div>\n\t\t\t\t<\/div>\n\t\t<div class=\"elementor-element elementor-element-76e5d11 e-flex e-con-boxed e-con e-parent\" data-id=\"76e5d11\" data-element_type=\"container\" data-e-type=\"container\" data-settings=\"{&quot;background_background&quot;:&quot;classic&quot;}\">\n\t\t\t\t\t<div class=\"e-con-inner\">\n\t\t<div class=\"elementor-element elementor-element-bc24cac e-con-full e-flex e-con e-child\" data-id=\"bc24cac\" data-element_type=\"container\" data-e-type=\"container\">\n\t\t<div class=\"elementor-element elementor-element-8e745d9 e-con-full e-flex e-con e-child\" data-id=\"8e745d9\" data-element_type=\"container\" data-e-type=\"container\">\n\t\t\t\t<div class=\"elementor-element elementor-element-5cc730d elementor-widget__width-initial elementor-widget elementor-widget-text-editor\" data-id=\"5cc730d\" data-element_type=\"widget\" data-e-type=\"widget\" data-widget_type=\"text-editor.default\">\n\t\t\t\t\t\t\t\t\t<p class=\"p1\"><span class=\"s1\"><b>Tech Electrical Switchboards jest wa\u017cn\u0105 cz\u0119\u015bci\u0105 partnerstwa Tech Automation<\/b><\/span> i wnosi silne kompetencje w zakresie budowy rozdzielnic i dostarczania wysokiej jako\u015bci rozwi\u0105za\u0144 dla dystrybucji energii elektrycznej. Wsp\u00f3\u0142praca opiera si\u0119 na wsp\u00f3lnej ambicji dostarczania solidnych, profesjonalnych rozwi\u0105za\u0144, w kt\u00f3rych jako\u015b\u0107, elastyczno\u015b\u0107 i mo\u017cliwo\u015b\u0107 realizacji id\u0105 w parze. <\/p>\n<p class=\"p1\">W Tech Electrical Switchboards koncentrujemy si\u0119 na budowaniu <span class=\"s1\"><b>rozdzielnic, tablic rozdzielczych i tablic panelowych<\/b><\/span>produkowanych z wysokim poziomem profesjonalizmu i precyzji. Ka\u017cdy panel jest budowany z naciskiem na niezawodno\u015b\u0107, trwa\u0142o\u015b\u0107 i niezmiennie wysok\u0105 jako\u015b\u0107, dzi\u0119ki czemu klienci otrzymuj\u0105 rozwi\u0105zanie, kt\u00f3re sprawdza si\u0119 w praktyce i spe\u0142nia codzienne wymagania. <\/p>\n<p class=\"p1\">\u015acis\u0142a wsp\u00f3\u0142praca mi\u0119dzy Tech Automation i Tech Eltavler umo\u017cliwia zaoferowanie klientom silnego i niezawodnego partnera z dost\u0119pem do specjalistycznej wiedzy w zakresie budowy paneli. Tech Eltavler wnosi do wsp\u00f3\u0142pracy praktyczne i \u015bwiadome jako\u015bci podej\u015bcie, w kt\u00f3rym dobre rzemios\u0142o, wydajna produkcja i zrozumienie potrzeb klienta znajduj\u0105 si\u0119 w centrum uwagi. <\/p>\n<p class=\"p1\">Jedn\u0105 z najwi\u0119kszych zalet partnerstwa jest mo\u017cliwo\u015b\u0107 po\u0142\u0105czenia <span class=\"s1\"><b>wysokiej jako\u015bci z kr\u00f3tkim czasem dostawy<\/b><\/span>. W wielu projektach czas ma kluczowe znaczenie, a posiadanie partnera, kt\u00f3ry mo\u017ce szybko dostarczy\u0107 produkt bez uszczerbku dla ko\u0144cowego rezultatu, jest znacz\u0105c\u0105 zalet\u0105. Zapewnia to klientom spok\u00f3j ducha i tworzy warto\u015b\u0107 zar\u00f3wno w przypadku ma\u0142ych, jak i du\u017cych dostaw.  <\/p>\n<p class=\"p1\">Wsp\u00f3\u0142praca z Tech Eltavler wzmacnia zatem og\u00f3ln\u0105 ofert\u0119 Tech Automation i zapewnia, \u017ce klienci spotykaj\u0105 si\u0119 z partnerem, dla kt\u00f3rego priorytetem jest jako\u015b\u0107, niezawodno\u015b\u0107 i wydajno\u015b\u0107. Nie chodzi tylko o dostarczanie rozdzielnic, ale o dostarczanie rozwi\u0105za\u0144, kt\u00f3re s\u0105 prawid\u0142owo zbudowane, dostarczone na czas i stworzone z szacunkiem dla rzemios\u0142a, kt\u00f3re za nimi stoi. <\/p>\n<p class=\"p1\">Z Tech Electrical Switchboards jako cz\u0119\u015bci\u0105 partnerstwa, Tech Automation jest jeszcze silniejsza, je\u015bli chodzi o dostarczanie <span class=\"s1\"><b>rozdzielnic, tablic rozdzielczych i tablic panelowych<\/b><\/span> klientom, kt\u00f3rzy oczekuj\u0105 wysokiej jako\u015bci i profesjonalnej dostawy. Jest to wsp\u00f3\u0142praca oparta na wsp\u00f3lnych warto\u015bciach, silnych kompetencjach i wyra\u017anej ambicji dostarczania rozwi\u0105za\u0144, kt\u00f3rym klienci mog\u0105 zaufa\u0107. <\/p>\t\t\t\t\t\t\t\t<\/div>\n\t\t<div class=\"elementor-element elementor-element-42bf3c2 e-con-full e-flex e-con e-child\" data-id=\"42bf3c2\" data-element_type=\"container\" data-e-type=\"container\" data-settings=\"{&quot;background_background&quot;:&quot;classic&quot;}\">\n\t\t<div class=\"elementor-element elementor-element-719e524 e-con-full e-flex e-con e-child\" data-id=\"719e524\" data-element_type=\"container\" data-e-type=\"container\" data-settings=\"{&quot;background_background&quot;:&quot;classic&quot;}\">\n\t\t\t\t<div class=\"elementor-element elementor-element-5d1924c elementor-widget elementor-widget-image\" data-id=\"5d1924c\" data-element_type=\"widget\" data-e-type=\"widget\" data-widget_type=\"image.default\">\n\t\t\t\t\t\t\t\t\t\t\t\t\t\t\t<img decoding=\"async\" width=\"800\" height=\"251\" src=\"https:\/\/tech-automation.host6.slyde.dk\/wp-content\/uploads\/2026\/03\/Tech_Eltavler_RGB.png\" class=\"attachment-large size-large wp-image-8769\" alt=\"\" srcset=\"https:\/\/tech-automation.host6.slyde.dk\/wp-content\/uploads\/2026\/03\/Tech_Eltavler_RGB.png 999w, https:\/\/tech-automation.host6.slyde.dk\/wp-content\/uploads\/2026\/03\/Tech_Eltavler_RGB-300x94.png 300w, https:\/\/tech-automation.host6.slyde.dk\/wp-content\/uploads\/2026\/03\/Tech_Eltavler_RGB-768x241.png 768w\" sizes=\"(max-width: 800px) 100vw, 800px\" \/>\t\t\t\t\t\t\t\t\t\t\t\t\t\t\t<\/div>\n\t\t\t\t<div class=\"elementor-element elementor-element-5c2cac3 elementor-widget elementor-widget-text-editor\" data-id=\"5c2cac3\" data-element_type=\"widget\" data-e-type=\"widget\" data-widget_type=\"text-editor.default\">\n\t\t\t\t\t\t\t\t\t<p>Mo\u017cesz dowiedzie\u0107 si\u0119 wi\u0119cej o kompetencjach, rozwi\u0105zaniach i dostawach Tech Eltavler, klikaj\u0105c poni\u017cszy przycisk, aby przej\u015b\u0107 do strony internetowej Tech Eltavler.<\/p>\n<p>Dowiedz si\u0119, co oferuj\u0105 i jak pracuj\u0105 z wysokiej jako\u015bci p\u0142ytami konstrukcyjnymi, rozdzielnicami i tablicami rozdzielczymi z szybkim czasem dostawy.<\/p>\t\t\t\t\t\t\t\t<\/div>\n\t\t\t\t<div class=\"elementor-element elementor-element-ba3d143 elementor-align-center elementor-widget elementor-widget-button\" data-id=\"ba3d143\" data-element_type=\"widget\" data-e-type=\"widget\" data-widget_type=\"button.default\">\n\t\t\t\t\t\t\t\t\t\t<a class=\"elementor-button elementor-button-link elementor-size-sm\" href=\"http:\/\/www.tech-eltavler.dk\" target=\"_blank\" rel=\"noopener\">\n\t\t\t\t\t\t<span class=\"elementor-button-content-wrapper\">\n\t\t\t\t\t\t\t\t\t<span class=\"elementor-button-text\">Przeczytaj wi\u0119cej na ten temat  <\/span>\n\t\t\t\t\t<\/span>\n\t\t\t\t\t<\/a>\n\t\t\t\t\t\t\t\t<\/div>\n\t\t\t\t<\/div>\n\t\t\t\t<\/div>\n\t\t\t\t<\/div>\n\t\t\t\t<\/div>\n\t\t\t\t\t<\/div>\n\t\t\t\t<\/div>\n\t\t\t\t<\/div>\n\t\t","protected":false},"excerpt":{"rendered":"<p>Warsztat kredowy Tech Electrical Switchboards to warsztat rozdzielnic Tech Automation, kt\u00f3ry dostarcza wysokiej jako\u015bci rozdzielnice budowlane, rozdzielnice i tablice rozdzielcze. Zawsze koncentruj\u0105c si\u0119 na dobrym rzemio\u015ble, niezawodnych rozwi\u0105zaniach i kr\u00f3tkich terminach dostaw, Tech Eltavler jest silnym i niezawodnym partnerem w budowie rozdzielnic. Tech Electrical Switchboards jest wa\u017cn\u0105 cz\u0119\u015bci\u0105 partnerstwa Tech Automation i wnosi silne kompetencje [&hellip;]<\/p>\n","protected":false},"author":4,"featured_media":0,"parent":0,"menu_order":0,"comment_status":"closed","ping_status":"closed","template":"","meta":{"footnotes":""},"class_list":["post-8741","page","type-page","status-publish","hentry"],"_links":{"self":[{"href":"https:\/\/tech-automation.host6.slyde.dk\/pl\/wp-json\/wp\/v2\/pages\/8741","targetHints":{"allow":["GET"]}}],"collection":[{"href":"https:\/\/tech-automation.host6.slyde.dk\/pl\/wp-json\/wp\/v2\/pages"}],"about":[{"href":"https:\/\/tech-automation.host6.slyde.dk\/pl\/wp-json\/wp\/v2\/types\/page"}],"author":[{"embeddable":true,"href":"https:\/\/tech-automation.host6.slyde.dk\/pl\/wp-json\/wp\/v2\/users\/4"}],"replies":[{"embeddable":true,"href":"https:\/\/tech-automation.host6.slyde.dk\/pl\/wp-json\/wp\/v2\/comments?post=8741"}],"version-history":[{"count":8,"href":"https:\/\/tech-automation.host6.slyde.dk\/pl\/wp-json\/wp\/v2\/pages\/8741\/revisions"}],"predecessor-version":[{"id":9273,"href":"https:\/\/tech-automation.host6.slyde.dk\/pl\/wp-json\/wp\/v2\/pages\/8741\/revisions\/9273"}],"wp:attachment":[{"href":"https:\/\/tech-automation.host6.slyde.dk\/pl\/wp-json\/wp\/v2\/media?parent=8741"}],"curies":[{"name":"wp","href":"https:\/\/api.w.org\/{rel}","templated":true}]}}