{"id":4977,"date":"2024-04-12T21:58:07","date_gmt":"2024-04-12T20:58:07","guid":{"rendered":"https:\/\/tech-automation.dk\/plyty-efektow\/"},"modified":"2026-03-24T13:01:53","modified_gmt":"2026-03-24T12:01:53","slug":"plyty-efektow","status":"publish","type":"page","link":"https:\/\/tech-automation.host6.slyde.dk\/pl\/plyty-efektow\/","title":{"rendered":"Offshore"},"content":{"rendered":"\t\t<div data-elementor-type=\"wp-page\" data-elementor-id=\"4977\" class=\"elementor elementor-4977 elementor-4973\" data-elementor-post-type=\"page\">\n\t\t\t\t<div class=\"elementor-element elementor-element-e2e0410 e-flex e-con-boxed e-con e-parent\" data-id=\"e2e0410\" data-element_type=\"container\" data-e-type=\"container\" data-settings=\"{&quot;background_background&quot;:&quot;gradient&quot;,&quot;motion_fx_motion_fx_scrolling&quot;:&quot;yes&quot;,&quot;animation&quot;:&quot;none&quot;,&quot;motion_fx_devices&quot;:[&quot;desktop&quot;,&quot;tablet&quot;,&quot;mobile&quot;]}\">\n\t\t\t\t\t<div class=\"e-con-inner\">\n\t\t<div class=\"elementor-element elementor-element-7dfc2e8 e-flex e-con-boxed e-con e-child\" data-id=\"7dfc2e8\" data-element_type=\"container\" data-e-type=\"container\">\n\t\t\t\t\t<div class=\"e-con-inner\">\n\t\t<div class=\"elementor-element elementor-element-e08995b e-con-full e-flex e-con e-child\" data-id=\"e08995b\" data-element_type=\"container\" data-e-type=\"container\">\n\t\t\t\t<div class=\"elementor-element elementor-element-30b15d1 elementor-invisible elementor-widget elementor-widget-heading\" data-id=\"30b15d1\" data-element_type=\"widget\" data-e-type=\"widget\" data-settings=\"{&quot;_animation&quot;:&quot;fadeInDown&quot;,&quot;_animation_delay&quot;:500}\" data-widget_type=\"heading.default\">\n\t\t\t\t\t<h1 class=\"elementor-heading-title elementor-size-default\">Offshore<\/h1>\t\t\t\t<\/div>\n\t\t\t\t<div class=\"elementor-element elementor-element-a9e3698 elementor-invisible elementor-widget elementor-widget-text-editor\" data-id=\"a9e3698\" data-element_type=\"widget\" data-e-type=\"widget\" data-settings=\"{&quot;_animation&quot;:&quot;fadeInDown&quot;,&quot;_animation_delay&quot;:800}\" data-widget_type=\"text-editor.default\">\n\t\t\t\t\t\t\t\t\t<p>Budujemy zgodnie z potrzebami naszych partner\u00f3w i w markach, kt\u00f3rych oczekuj\u0105.<\/p><p>Jeste\u015bmy zaanga\u017cowanym zespo\u0142em zar\u00f3wno w Danii, jak i w Polsce. To globalne podej\u015bcie pozwala nam korzysta\u0107 z szerokiego zakresu wiedzy specjalistycznej i perspektyw, co skutkuje innowacyjnymi i dobrze wykonanymi rozwi\u0105zaniami.<\/p>\t\t\t\t\t\t\t\t<\/div>\n\t\t\t\t<\/div>\n\t\t<div class=\"elementor-element elementor-element-0c2551d e-con-full e-flex e-con e-child\" data-id=\"0c2551d\" data-element_type=\"container\" data-e-type=\"container\">\n\t\t\t\t<div class=\"elementor-element elementor-element-c30ceb3 elementor-widget elementor-widget-image\" data-id=\"c30ceb3\" data-element_type=\"widget\" data-e-type=\"widget\" data-widget_type=\"image.default\">\n\t\t\t\t\t\t\t\t\t\t\t\t\t\t\t<img fetchpriority=\"high\" decoding=\"async\" width=\"473\" height=\"473\" src=\"https:\/\/tech-automation.host6.slyde.dk\/wp-content\/uploads\/2025\/07\/Offshore_Sub.png\" class=\"attachment-large size-large wp-image-7884\" alt=\"\" srcset=\"https:\/\/tech-automation.host6.slyde.dk\/wp-content\/uploads\/2025\/07\/Offshore_Sub.png 473w, https:\/\/tech-automation.host6.slyde.dk\/wp-content\/uploads\/2025\/07\/Offshore_Sub-300x300.png 300w, https:\/\/tech-automation.host6.slyde.dk\/wp-content\/uploads\/2025\/07\/Offshore_Sub-150x150.png 150w\" sizes=\"(max-width: 473px) 100vw, 473px\" \/>\t\t\t\t\t\t\t\t\t\t\t\t\t\t\t<\/div>\n\t\t\t\t<\/div>\n\t\t\t\t\t<\/div>\n\t\t\t\t<\/div>\n\t\t\t\t\t<\/div>\n\t\t\t\t<\/div>\n\t\t<div class=\"elementor-element elementor-element-76e5d11 e-flex e-con-boxed e-con e-parent\" data-id=\"76e5d11\" data-element_type=\"container\" data-e-type=\"container\" data-settings=\"{&quot;background_background&quot;:&quot;classic&quot;}\">\n\t\t\t\t\t<div class=\"e-con-inner\">\n\t\t\t\t<div class=\"elementor-element elementor-element-5cc730d elementor-widget__width-inherit elementor-widget elementor-widget-text-editor\" data-id=\"5cc730d\" data-element_type=\"widget\" data-e-type=\"widget\" data-widget_type=\"text-editor.default\">\n\t\t\t\t\t\t\t\t\t<div class=\"flex flex-grow flex-col max-w-full\">\n<div class=\"min-h-[20px] text-message flex flex-col items-start whitespace-pre-wrap break-words [.text-message+&amp;]:mt-5 juice:w-full juice:items-end overflow-x-auto gap-2\" dir=\"auto\" data-message-author-role=\"assistant\" data-message-id=\"f4cc0304-ea19-482e-8f28-7844c02a6aa1\">\n<div class=\"flex w-full flex-col gap-1 juice:empty:hidden juice:first:pt-[3px]\">\n<div class=\"markdown prose w-full break-words dark:prose-invert light\">\n<h5>Szybka dostawa niestandardowych rozwi\u0105za\u0144<\/h5>\n<p>Oferuj\u0105c szybk\u0105 dostaw\u0119 niestandardowych rozwi\u0105za\u0144, mo\u017cemy sprosta\u0107 nawet najbardziej wymagaj\u0105cym potrzebom energetycznym i dostarczy\u0107 rozwi\u0105zania, kt\u00f3re idealnie pasuj\u0105 do wymaga\u0144 biznesowych.<\/p>\n<h5>\u015acis\u0142a wsp\u00f3\u0142praca w zakresie konkretnych potrzeb<\/h5>\n<p>Spe\u0142nianie specyficznych potrzeb klient\u00f3w jest dla nas wa\u017cne. Dlatego k\u0142adziemy nacisk na \u015bcis\u0142\u0105 wsp\u00f3\u0142prac\u0119, aby zapewni\u0107, \u017ce ka\u017cda tablica rozdzielcza jest starannie dostosowana do po\u017c\u0105danych specyfikacji i marek. Naszym celem jest tworzenie produkt\u00f3w ca\u0142kowicie dostosowanych do wymaga\u0144 klienta.  <\/p>\n<h5>Elastyczno\u015b\u0107 w wyborze komponent\u00f3w i technologii<\/h5>\n<p>Nasza elastyczno\u015b\u0107 w doborze komponent\u00f3w i technologii pozwala nam dostarczy\u0107 dok\u0142adnie taki produkt, jakiego oczekujesz, niezale\u017cnie od z\u0142o\u017cono\u015bci lub rozmiaru. Wsp\u00f3\u0142pracujemy z szerok\u0105 gam\u0105 dostawc\u00f3w i technologii, aby zapewni\u0107, \u017ce Twoja rozdzielnica spe\u0142ni wszystkie Twoje oczekiwania. <\/p>\n<h5>Skontaktuj si\u0119 z nami, aby zoptymalizowa\u0107 produkcj\u0119 paneli<\/h5>\n<p>Skontaktuj si\u0119 z nami ju\u017c dzi\u015b, aby om\u00f3wi\u0107 swoje potrzeby i zobaczy\u0107, jak mo\u017cemy pom\u00f3c zoptymalizowa\u0107 zarz\u0105dzanie energi\u0105 w Twojej firmie. Wsp\u00f3lnie mo\u017cemy znale\u017a\u0107 najlepsze rozwi\u0105zanie dla Twoich potrzeb energetycznych i zapewni\u0107, \u017ce Twoja firma dzia\u0142a wydajnie i niezawodnie. <\/p>\n<\/div>\n<\/div>\n<\/div>\n<\/div>\t\t\t\t\t\t\t\t<\/div>\n\t\t\t\t\t<\/div>\n\t\t\t\t<\/div>\n\t\t<div class=\"elementor-element elementor-element-89e471e e-flex e-con-boxed e-con e-parent\" data-id=\"89e471e\" data-element_type=\"container\" data-e-type=\"container\" data-settings=\"{&quot;background_background&quot;:&quot;classic&quot;}\">\n\t\t\t\t\t<div class=\"e-con-inner\">\n\t\t<div class=\"elementor-element elementor-element-886d0d2 e-con-full e-flex e-con e-child\" data-id=\"886d0d2\" data-element_type=\"container\" data-e-type=\"container\" data-settings=\"{&quot;background_background&quot;:&quot;classic&quot;}\">\n\t\t<div class=\"elementor-element elementor-element-6e5712f e-con-full e-flex e-con e-child\" data-id=\"6e5712f\" data-element_type=\"container\" data-e-type=\"container\" data-settings=\"{&quot;background_background&quot;:&quot;classic&quot;}\">\n\t\t\t\t<div class=\"elementor-element elementor-element-1914b65 elementor-widget elementor-widget-heading\" data-id=\"1914b65\" data-element_type=\"widget\" data-e-type=\"widget\" data-widget_type=\"heading.default\">\n\t\t\t\t\t<h3 class=\"elementor-heading-title elementor-size-default\">Produkcja w Danii i Polsce<\/h3>\t\t\t\t<\/div>\n\t\t\t\t<div class=\"elementor-element elementor-element-6a53d45 elementor-widget elementor-widget-image\" data-id=\"6a53d45\" data-element_type=\"widget\" data-e-type=\"widget\" data-widget_type=\"image.default\">\n\t\t\t\t\t\t\t\t\t\t\t\t\t\t\t<img decoding=\"async\" width=\"800\" height=\"1000\" src=\"https:\/\/tech-automation.host6.slyde.dk\/wp-content\/uploads\/2025\/05\/1744715545217-819x1024.jpeg\" class=\"attachment-large size-large wp-image-7290\" alt=\"\" srcset=\"https:\/\/tech-automation.host6.slyde.dk\/wp-content\/uploads\/2025\/05\/1744715545217-819x1024.jpeg 819w, https:\/\/tech-automation.host6.slyde.dk\/wp-content\/uploads\/2025\/05\/1744715545217-240x300.jpeg 240w, https:\/\/tech-automation.host6.slyde.dk\/wp-content\/uploads\/2025\/05\/1744715545217-768x960.jpeg 768w, https:\/\/tech-automation.host6.slyde.dk\/wp-content\/uploads\/2025\/05\/1744715545217.jpeg 1080w\" sizes=\"(max-width: 800px) 100vw, 800px\" \/>\t\t\t\t\t\t\t\t\t\t\t\t\t\t\t<\/div>\n\t\t\t\t<div class=\"elementor-element elementor-element-8a61039 elementor-widget elementor-widget-text-editor\" data-id=\"8a61039\" data-element_type=\"widget\" data-e-type=\"widget\" data-widget_type=\"text-editor.default\">\n\t\t\t\t\t\t\t\t\t<p>W Tech Automation jeste\u015bmy czym\u015b wi\u0119cej ni\u017c tylko dostawc\u0105; jeste\u015bmy zaufanym partnerem. Rozumiemy, \u017ce ka\u017cde wyzwanie jest wyj\u0105tkowe, dlatego wsp\u00f3\u0142pracujemy z Tob\u0105, aby stworzy\u0107 niestandardowe rozwi\u0105zania, kt\u00f3re dok\u0142adnie odpowiadaj\u0105 Twoim potrzebom. <\/p>\n<p>Wiemy, \u017ce skuteczne zarz\u0105dzanie projektami jest kluczem do osi\u0105gni\u0119cia cel\u00f3w na czas. Nasz do\u015bwiadczony zesp\u00f3\u0142 ds. zarz\u0105dzania projektami \u015bci\u015ble z Tob\u0105 wsp\u00f3\u0142pracuje, aby zapewni\u0107, \u017ce ka\u017cdy projekt spe\u0142nia najwy\u017csze standardy jako\u015bci, wydajno\u015bci i innowacyjno\u015bci. <\/p>\n<p>Koncentruj\u0105c si\u0119 na dialogu i profesjonalizmie, jeste\u015bmy kompetentnym partnerem, kt\u00f3ry pomaga w realizacji projekt\u00f3w &#8211; od pocz\u0105tku do ko\u0144ca.<\/p>\t\t\t\t\t\t\t\t<\/div>\n\t\t\t\t<\/div>\n\t\t\t\t<\/div>\n\t\t<div class=\"elementor-element elementor-element-831614e e-con-full e-flex e-con e-child\" data-id=\"831614e\" data-element_type=\"container\" data-e-type=\"container\" data-settings=\"{&quot;background_background&quot;:&quot;classic&quot;}\">\n\t\t<div class=\"elementor-element elementor-element-ffb4eb5 e-con-full e-flex e-con e-child\" data-id=\"ffb4eb5\" data-element_type=\"container\" data-e-type=\"container\" data-settings=\"{&quot;background_background&quot;:&quot;classic&quot;}\">\n\t\t\t\t<div class=\"elementor-element elementor-element-a470aa1 elementor-widget elementor-widget-image\" data-id=\"a470aa1\" data-element_type=\"widget\" data-e-type=\"widget\" data-widget_type=\"image.default\">\n\t\t\t\t\t\t\t\t\t\t\t\t\t\t\t<img decoding=\"async\" width=\"800\" height=\"800\" src=\"https:\/\/tech-automation.host6.slyde.dk\/wp-content\/uploads\/2024\/01\/Jesper_kontakt.png\" class=\"attachment-large size-large wp-image-3861\" alt=\"\" srcset=\"https:\/\/tech-automation.host6.slyde.dk\/wp-content\/uploads\/2024\/01\/Jesper_kontakt.png 889w, https:\/\/tech-automation.host6.slyde.dk\/wp-content\/uploads\/2024\/01\/Jesper_kontakt-300x300.png 300w, https:\/\/tech-automation.host6.slyde.dk\/wp-content\/uploads\/2024\/01\/Jesper_kontakt-150x150.png 150w, https:\/\/tech-automation.host6.slyde.dk\/wp-content\/uploads\/2024\/01\/Jesper_kontakt-768x768.png 768w\" sizes=\"(max-width: 800px) 100vw, 800px\" \/>\t\t\t\t\t\t\t\t\t\t\t\t\t\t\t<\/div>\n\t\t\t\t<div class=\"elementor-element elementor-element-d704d5b elementor-widget elementor-widget-heading\" data-id=\"d704d5b\" data-element_type=\"widget\" data-e-type=\"widget\" data-widget_type=\"heading.default\">\n\t\t\t\t\t<h2 class=\"elementor-heading-title elementor-size-default\">Skontaktuj si\u0119 z nami<\/h2>\t\t\t\t<\/div>\n\t\t\t\t<div class=\"elementor-element elementor-element-9a3e3db elementor-widget elementor-widget-text-editor\" data-id=\"9a3e3db\" data-element_type=\"widget\" data-e-type=\"widget\" data-widget_type=\"text-editor.default\">\n\t\t\t\t\t\t\t\t\t<p><strong>Jesper Juul<\/strong><br><br><b>Dyrektor i wsp\u00f3\u0142w\u0142a\u015bciciel<\/b><br>Mail: <a href=\"mailto:jj@tech-automation.dk\">jj@tech-automation.dk<\/a><br>Mobile <a href=\"tel:+4525400651\">+45 2540 0651<\/a><\/p>\t\t\t\t\t\t\t\t<\/div>\n\t\t\t\t<\/div>\n\t\t<div class=\"elementor-element elementor-element-c753f05 e-flex e-con-boxed e-con e-child\" data-id=\"c753f05\" data-element_type=\"container\" data-e-type=\"container\" data-settings=\"{&quot;background_background&quot;:&quot;classic&quot;}\">\n\t\t\t\t\t<div class=\"e-con-inner\">\n\t\t\t\t<div class=\"elementor-element elementor-element-5dc1a84 elementor-widget elementor-widget-image-carousel\" data-id=\"5dc1a84\" data-element_type=\"widget\" data-e-type=\"widget\" data-settings=\"{&quot;slides_to_show&quot;:&quot;1&quot;,&quot;navigation&quot;:&quot;none&quot;,&quot;autoplay&quot;:&quot;yes&quot;,&quot;pause_on_hover&quot;:&quot;yes&quot;,&quot;pause_on_interaction&quot;:&quot;yes&quot;,&quot;autoplay_speed&quot;:5000,&quot;infinite&quot;:&quot;yes&quot;,&quot;effect&quot;:&quot;slide&quot;,&quot;speed&quot;:500}\" data-widget_type=\"image-carousel.default\">\n\t\t\t\t\t\t\t<div class=\"elementor-image-carousel-wrapper swiper\" role=\"region\" aria-roledescription=\"carousel\" aria-label=\"Billedkarussel\" dir=\"ltr\">\n\t\t\t<div class=\"elementor-image-carousel swiper-wrapper\" aria-live=\"off\">\n\t\t\t\t\t\t\t\t<div class=\"swiper-slide\" role=\"group\" aria-roledescription=\"slide\" aria-label=\"1 z 1\"><figure class=\"swiper-slide-inner\"><img decoding=\"async\" class=\"swiper-slide-image\" src=\"https:\/\/tech-automation.host6.slyde.dk\/wp-content\/uploads\/2025\/07\/shutterstock_2230253135-1-scaled.jpg\" alt=\"Platforma morska w Zatoce Meksyka\u0144skiej\" \/><\/figure><\/div>\t\t\t<\/div>\n\t\t\t\t\t<\/div>\n\t\t\t\t\t\t<\/div>\n\t\t\t\t<div class=\"elementor-element elementor-element-7fc8c10 elementor-widget elementor-widget-text-editor\" data-id=\"7fc8c10\" data-element_type=\"widget\" data-e-type=\"widget\" data-widget_type=\"text-editor.default\">\n\t\t\t\t\t\t\t\t\t<p>Nasze rozdzielnice morskie s\u0105 przeznaczone do pracy w wymagaj\u0105cych \u015brodowiskach morskich i przybrze\u017cnych.<\/p>\n<p>Tablice rozdzielcze s\u0105 zaprojektowane tak, aby wytrzyma\u0107 trudne warunki, takie jak du\u017ce wahania obci\u0105\u017cenia, wilgo\u0107, s\u00f3l, wibracje i korozja, co jest niezb\u0119dne do zapewnienia niezawodnego dzia\u0142ania systemu zasilania elektrycznego i sterowania na platformach morskich, platformach wiertniczych i inspekcjach ruroci\u0105g\u00f3w.<\/p>\t\t\t\t\t\t\t\t<\/div>\n\t\t\t\t\t<\/div>\n\t\t\t\t<\/div>\n\t\t\t\t<\/div>\n\t\t\t\t\t<\/div>\n\t\t\t\t<\/div>\n\t\t\t\t<\/div>\n\t\t","protected":false},"excerpt":{"rendered":"<p>Offshore Budujemy zgodnie z potrzebami naszych partner\u00f3w i w markach, kt\u00f3rych oczekuj\u0105. Jeste\u015bmy zaanga\u017cowanym zespo\u0142em zar\u00f3wno w Danii, jak i w Polsce. To globalne podej\u015bcie pozwala nam korzysta\u0107 z szerokiego zakresu wiedzy specjalistycznej i perspektyw, co skutkuje innowacyjnymi i dobrze wykonanymi rozwi\u0105zaniami. Szybka dostawa niestandardowych rozwi\u0105za\u0144 Oferuj\u0105c szybk\u0105 dostaw\u0119 niestandardowych rozwi\u0105za\u0144, mo\u017cemy sprosta\u0107 nawet najbardziej [&hellip;]<\/p>\n","protected":false},"author":7,"featured_media":0,"parent":0,"menu_order":0,"comment_status":"closed","ping_status":"closed","template":"","meta":{"footnotes":""},"class_list":["post-4977","page","type-page","status-publish","hentry"],"_links":{"self":[{"href":"https:\/\/tech-automation.host6.slyde.dk\/pl\/wp-json\/wp\/v2\/pages\/4977","targetHints":{"allow":["GET"]}}],"collection":[{"href":"https:\/\/tech-automation.host6.slyde.dk\/pl\/wp-json\/wp\/v2\/pages"}],"about":[{"href":"https:\/\/tech-automation.host6.slyde.dk\/pl\/wp-json\/wp\/v2\/types\/page"}],"author":[{"embeddable":true,"href":"https:\/\/tech-automation.host6.slyde.dk\/pl\/wp-json\/wp\/v2\/users\/7"}],"replies":[{"embeddable":true,"href":"https:\/\/tech-automation.host6.slyde.dk\/pl\/wp-json\/wp\/v2\/comments?post=4977"}],"version-history":[{"count":26,"href":"https:\/\/tech-automation.host6.slyde.dk\/pl\/wp-json\/wp\/v2\/pages\/4977\/revisions"}],"predecessor-version":[{"id":9186,"href":"https:\/\/tech-automation.host6.slyde.dk\/pl\/wp-json\/wp\/v2\/pages\/4977\/revisions\/9186"}],"wp:attachment":[{"href":"https:\/\/tech-automation.host6.slyde.dk\/pl\/wp-json\/wp\/v2\/media?parent=4977"}],"curies":[{"name":"wp","href":"https:\/\/api.w.org\/{rel}","templated":true}]}}