{"id":4185,"date":"2022-01-22T19:52:12","date_gmt":"2022-01-22T18:52:12","guid":{"rendered":"https:\/\/tech-automation.dk\/jak-pracujemy\/"},"modified":"2026-03-24T14:30:37","modified_gmt":"2026-03-24T13:30:37","slug":"jak-pracujemy","status":"publish","type":"page","link":"https:\/\/tech-automation.host6.slyde.dk\/pl\/jak-pracujemy\/","title":{"rendered":"Jak pracujemy"},"content":{"rendered":"\t\t<div data-elementor-type=\"wp-page\" data-elementor-id=\"4185\" class=\"elementor elementor-4185 elementor-159\" data-elementor-post-type=\"page\">\n\t\t\t\t<div class=\"elementor-element elementor-element-3c83a31 e-flex e-con-boxed e-con e-parent\" data-id=\"3c83a31\" data-element_type=\"container\" data-e-type=\"container\" data-settings=\"{&quot;background_background&quot;:&quot;classic&quot;}\">\n\t\t\t\t\t<div class=\"e-con-inner\">\n\t\t<div class=\"elementor-element elementor-element-a3301cd e-con-full e-flex e-con e-child\" data-id=\"a3301cd\" data-element_type=\"container\" data-e-type=\"container\">\n\t\t\t\t<div class=\"elementor-element elementor-element-288d6b1 elementor-widget elementor-widget-text-editor\" data-id=\"288d6b1\" data-element_type=\"widget\" data-e-type=\"widget\" data-widget_type=\"text-editor.default\">\n\t\t\t\t\t\t\t\t\t<p>JAK PRACUJEMY<\/p>\t\t\t\t\t\t\t\t<\/div>\n\t\t\t\t<div class=\"elementor-element elementor-element-29c37bb elementor-invisible elementor-widget elementor-widget-heading\" data-id=\"29c37bb\" data-element_type=\"widget\" data-e-type=\"widget\" data-settings=\"{&quot;_animation&quot;:&quot;fadeInDown&quot;,&quot;_animation_delay&quot;:500}\" data-widget_type=\"heading.default\">\n\t\t\t\t\t<h1 class=\"elementor-heading-title elementor-size-default\">\u017badne zadanie nie jest zbyt du\u017ce lub zbyt ma\u0142e<\/h1>\t\t\t\t<\/div>\n\t\t\t\t<div class=\"elementor-element elementor-element-f52c98d elementor-invisible elementor-widget elementor-widget-text-editor\" data-id=\"f52c98d\" data-element_type=\"widget\" data-e-type=\"widget\" data-settings=\"{&quot;_animation&quot;:&quot;fadeInDown&quot;,&quot;_animation_delay&quot;:800}\" data-widget_type=\"text-editor.default\">\n\t\t\t\t\t\t\t\t\t<p style=\"font-weight: 400;\">Niezale\u017cnie od wyzwania, jeste\u015bmy tutaj, aby zapewni\u0107 fachow\u0105 porad\u0119. Poniewa\u017c u nas praca zawsze zaczyna si\u0119 od dialogu &#8211; tak w\u0142a\u015bnie pracujemy. Po okre\u015bleniu zadania &#8211; przez nas lub u\u017cytkownika &#8211; jeste\u015bmy gotowi zaprojektowa\u0107 i opracowa\u0107 najbardziej efektywne rozwi\u0105zanie.<\/p><p style=\"font-weight: 400;\">Podczas produkcji mo\u017cemy pom\u00f3c w zarz\u0105dzaniu projektem, a po dostawie zapewniamy serwis i wsparcie przez ca\u0142y okres eksploatacji maszyny.<\/p>\t\t\t\t\t\t\t\t<\/div>\n\t\t\t\t<\/div>\n\t\t<div class=\"elementor-element elementor-element-c9b8332 e-flex e-con-boxed e-con e-child\" data-id=\"c9b8332\" data-element_type=\"container\" data-e-type=\"container\">\n\t\t\t\t\t<div class=\"e-con-inner\">\n\t\t\t\t<div class=\"elementor-element elementor-element-d1e710e elementor-widget elementor-widget-image\" data-id=\"d1e710e\" data-element_type=\"widget\" data-e-type=\"widget\" data-widget_type=\"image.default\">\n\t\t\t\t\t\t\t\t\t\t\t\t\t\t\t<img fetchpriority=\"high\" decoding=\"async\" width=\"800\" height=\"800\" src=\"https:\/\/tech-automation.host6.slyde.dk\/wp-content\/uploads\/2024\/02\/Sadan_arbejder_vi.png\" class=\"attachment-large size-large wp-image-4053\" alt=\"\" srcset=\"https:\/\/tech-automation.host6.slyde.dk\/wp-content\/uploads\/2024\/02\/Sadan_arbejder_vi.png 800w, https:\/\/tech-automation.host6.slyde.dk\/wp-content\/uploads\/2024\/02\/Sadan_arbejder_vi-300x300.png 300w, https:\/\/tech-automation.host6.slyde.dk\/wp-content\/uploads\/2024\/02\/Sadan_arbejder_vi-150x150.png 150w, https:\/\/tech-automation.host6.slyde.dk\/wp-content\/uploads\/2024\/02\/Sadan_arbejder_vi-768x768.png 768w\" sizes=\"(max-width: 800px) 100vw, 800px\" \/>\t\t\t\t\t\t\t\t\t\t\t\t\t\t\t<\/div>\n\t\t\t\t\t<\/div>\n\t\t\t\t<\/div>\n\t\t\t\t\t<\/div>\n\t\t\t\t<\/div>\n\t\t<div class=\"elementor-element elementor-element-faa4fbe elementor-hidden-mobile e-flex e-con-boxed e-con e-parent\" data-id=\"faa4fbe\" data-element_type=\"container\" data-e-type=\"container\" data-settings=\"{&quot;background_background&quot;:&quot;classic&quot;,&quot;motion_fx_motion_fx_scrolling&quot;:&quot;yes&quot;,&quot;motion_fx_devices&quot;:[&quot;desktop&quot;,&quot;tablet&quot;,&quot;mobile&quot;]}\">\n\t\t\t\t\t<div class=\"e-con-inner\">\n\t\t<div class=\"elementor-element elementor-element-230702c e-con-full e-flex e-con e-child\" data-id=\"230702c\" data-element_type=\"container\" data-e-type=\"container\">\n\t\t<div class=\"elementor-element elementor-element-b32360c e-con-full e-flex e-con e-child\" data-id=\"b32360c\" data-element_type=\"container\" data-e-type=\"container\">\n\t\t\t\t<div class=\"elementor-element elementor-element-31e0fb8 elementor-align-right elementor-widget elementor-widget-button\" data-id=\"31e0fb8\" data-element_type=\"widget\" data-e-type=\"widget\" data-widget_type=\"button.default\">\n\t\t\t\t\t\t\t\t\t\t<a class=\"elementor-button elementor-button-link elementor-size-md\" href=\"#\">\n\t\t\t\t\t\t<span class=\"elementor-button-content-wrapper\">\n\t\t\t\t\t\t\t\t\t<span class=\"elementor-button-text\">ROZW\u00d3J<\/span>\n\t\t\t\t\t<\/span>\n\t\t\t\t\t<\/a>\n\t\t\t\t\t\t\t\t<\/div>\n\t\t\t\t<div class=\"elementor-element elementor-element-d4c0fe1 elementor-widget-tablet__width-initial elementor-widget elementor-widget-text-editor\" data-id=\"d4c0fe1\" data-element_type=\"widget\" data-e-type=\"widget\" data-widget_type=\"text-editor.default\">\n\t\t\t\t\t\t\t\t\t<p>Wierzymy, \u017ce solidne planowanie i silna wsp\u00f3\u0142praca s\u0105 podstaw\u0105 sukcesu, dlatego pracujemy systematycznie i w \u015bcis\u0142ym dialogu z naszymi wewn\u0119trznymi i zewn\u0119trznymi partnerami<\/p>\t\t\t\t\t\t\t\t<\/div>\n\t\t\t\t<\/div>\n\t\t<div class=\"elementor-element elementor-element-fe1581d e-flex e-con-boxed e-con e-child\" data-id=\"fe1581d\" data-element_type=\"container\" data-e-type=\"container\">\n\t\t\t\t\t<div class=\"e-con-inner\">\n\t\t\t\t<div class=\"elementor-element elementor-element-ef3074b elementor-align-left elementor-widget elementor-widget-button\" data-id=\"ef3074b\" data-element_type=\"widget\" data-e-type=\"widget\" data-widget_type=\"button.default\">\n\t\t\t\t\t\t\t\t\t\t<a class=\"elementor-button elementor-button-link elementor-size-md\" href=\"#\">\n\t\t\t\t\t\t<span class=\"elementor-button-content-wrapper\">\n\t\t\t\t\t\t\t\t\t<span class=\"elementor-button-text\">DESIGN<\/span>\n\t\t\t\t\t<\/span>\n\t\t\t\t\t<\/a>\n\t\t\t\t\t\t\t\t<\/div>\n\t\t\t\t<div class=\"elementor-element elementor-element-97620eb elementor-widget elementor-widget-text-editor\" data-id=\"97620eb\" data-element_type=\"widget\" data-e-type=\"widget\" data-widget_type=\"text-editor.default\">\n\t\t\t\t\t\t\t\t\t<p>Niezale\u017cnie od wyzwania, jeste\u015bmy tutaj, aby zapewni\u0107 fachow\u0105 porad\u0119. Poniewa\u017c u nas zadanie zawsze zaczyna si\u0119 od dialogu. Po okre\u015bleniu zadania &#8211; przez nas lub innych &#8211; jeste\u015bmy gotowi zaprojektowa\u0107 i opracowa\u0107 najbardziej efektywne rozwi\u0105zanie.<\/p>\t\t\t\t\t\t\t\t<\/div>\n\t\t\t\t\t<\/div>\n\t\t\t\t<\/div>\n\t\t\t\t<\/div>\n\t\t\t\t<div class=\"elementor-element elementor-element-9104d80 elementor-widget elementor-widget-spacer\" data-id=\"9104d80\" data-element_type=\"widget\" data-e-type=\"widget\" data-widget_type=\"spacer.default\">\n\t\t\t\t\t\t\t<div class=\"elementor-spacer\">\n\t\t\t<div class=\"elementor-spacer-inner\"><\/div>\n\t\t<\/div>\n\t\t\t\t\t\t<\/div>\n\t\t<div class=\"elementor-element elementor-element-515b0a3 e-con-full e-flex e-con e-child\" data-id=\"515b0a3\" data-element_type=\"container\" data-e-type=\"container\">\n\t\t<div class=\"elementor-element elementor-element-f9e218f e-con-full e-flex e-con e-child\" data-id=\"f9e218f\" data-element_type=\"container\" data-e-type=\"container\">\n\t\t\t\t<div class=\"elementor-element elementor-element-54b32c9 elementor-align-right elementor-tablet-align-left elementor-widget elementor-widget-button\" data-id=\"54b32c9\" data-element_type=\"widget\" data-e-type=\"widget\" data-widget_type=\"button.default\">\n\t\t\t\t\t\t\t\t\t\t<a class=\"elementor-button elementor-button-link elementor-size-md\" href=\"#\">\n\t\t\t\t\t\t<span class=\"elementor-button-content-wrapper\">\n\t\t\t\t\t\t\t\t\t<span class=\"elementor-button-text\">PRODUKCJA<\/span>\n\t\t\t\t\t<\/span>\n\t\t\t\t\t<\/a>\n\t\t\t\t\t\t\t\t<\/div>\n\t\t\t\t<div class=\"elementor-element elementor-element-dbe662a elementor-widget elementor-widget-text-editor\" data-id=\"dbe662a\" data-element_type=\"widget\" data-e-type=\"widget\" data-settings=\"{&quot;_animation&quot;:&quot;none&quot;}\" data-widget_type=\"text-editor.default\">\n\t\t\t\t\t\t\t\t\t<div class=\"elementor-element elementor-element-30b15d1 elementor-widget elementor-widget-heading animated fadeInDown\" data-id=\"30b15d1\" data-element_type=\"widget\" data-settings=\"{\"_animation\":\"fadeInDown\",\"_animation_delay\":500}\" data-widget_type=\"heading.default\"><div class=\"elementor-widget-container\">Tech Automation stawia wysokie wymagania w zakresie produkcji i posiada do\u015bwiadczenie w ca\u0142ym procesie produkcyjnym, od opracowywania koncepcji po wdra\u017canie niestandardowych rozwi\u0105za\u0144.<\/div><\/div>\t\t\t\t\t\t\t\t<\/div>\n\t\t\t\t<\/div>\n\t\t<div class=\"elementor-element elementor-element-c79ce6b e-con-full e-flex e-con e-child\" data-id=\"c79ce6b\" data-element_type=\"container\" data-e-type=\"container\">\n\t\t\t\t<div class=\"elementor-element elementor-element-3a6fb55 elementor-align-left elementor-widget elementor-widget-button\" data-id=\"3a6fb55\" data-element_type=\"widget\" data-e-type=\"widget\" data-widget_type=\"button.default\">\n\t\t\t\t\t\t\t\t\t\t<a class=\"elementor-button elementor-button-link elementor-size-md\" href=\"#\">\n\t\t\t\t\t\t<span class=\"elementor-button-content-wrapper\">\n\t\t\t\t\t\t\t\t\t<span class=\"elementor-button-text\">SERWIS I INSTALACJA<\/span>\n\t\t\t\t\t<\/span>\n\t\t\t\t\t<\/a>\n\t\t\t\t\t\t\t\t<\/div>\n\t\t\t\t<div class=\"elementor-element elementor-element-c81a5e8 elementor-widget elementor-widget-text-editor\" data-id=\"c81a5e8\" data-element_type=\"widget\" data-e-type=\"widget\" data-widget_type=\"text-editor.default\">\n\t\t\t\t\t\t\t\t\t<p>Mo\u017cemy wesprze\u0107 Ci\u0119 od koncepcji do gotowego projektu i p\u00f3\u017aniejszej obs\u0142ugi<\/p><p>Jako partner &#8222;pod klucz&#8221; bierzemy odpowiedzialno\u015b\u0107 za ca\u0142y proces &#8211; od pocz\u0105tkowego pomys\u0142u do gotowego, dzia\u0142aj\u0105cego systemu.<\/p><p>Oferujemy kompleksowe rozwi\u0105zania zapewniaj\u0105ce sprawn\u0105 i wydajn\u0105 realizacj\u0119 projektu.<\/p>\t\t\t\t\t\t\t\t<\/div>\n\t\t\t\t<\/div>\n\t\t\t\t<\/div>\n\t\t\t\t\t<\/div>\n\t\t\t\t<\/div>\n\t\t<div class=\"elementor-element elementor-element-02ef84d e-flex e-con-boxed e-con e-parent\" data-id=\"02ef84d\" data-element_type=\"container\" data-e-type=\"container\" data-settings=\"{&quot;background_background&quot;:&quot;classic&quot;}\">\n\t\t\t\t\t<div class=\"e-con-inner\">\n\t\t\t\t\t<\/div>\n\t\t\t\t<\/div>\n\t\t\t\t<\/div>\n\t\t","protected":false},"excerpt":{"rendered":"<p>JAK PRACUJEMY \u017badne zadanie nie jest zbyt du\u017ce lub zbyt ma\u0142e Niezale\u017cnie od wyzwania, jeste\u015bmy tutaj, aby zapewni\u0107 fachow\u0105 porad\u0119. Poniewa\u017c u nas praca zawsze zaczyna si\u0119 od dialogu &#8211; tak w\u0142a\u015bnie pracujemy. Po okre\u015bleniu zadania &#8211; przez nas lub u\u017cytkownika &#8211; jeste\u015bmy gotowi zaprojektowa\u0107 i opracowa\u0107 najbardziej efektywne rozwi\u0105zanie. Podczas produkcji mo\u017cemy pom\u00f3c w [&hellip;]<\/p>\n","protected":false},"author":4,"featured_media":0,"parent":0,"menu_order":0,"comment_status":"closed","ping_status":"closed","template":"","meta":{"footnotes":""},"class_list":["post-4185","page","type-page","status-publish","hentry"],"_links":{"self":[{"href":"https:\/\/tech-automation.host6.slyde.dk\/pl\/wp-json\/wp\/v2\/pages\/4185","targetHints":{"allow":["GET"]}}],"collection":[{"href":"https:\/\/tech-automation.host6.slyde.dk\/pl\/wp-json\/wp\/v2\/pages"}],"about":[{"href":"https:\/\/tech-automation.host6.slyde.dk\/pl\/wp-json\/wp\/v2\/types\/page"}],"author":[{"embeddable":true,"href":"https:\/\/tech-automation.host6.slyde.dk\/pl\/wp-json\/wp\/v2\/users\/4"}],"replies":[{"embeddable":true,"href":"https:\/\/tech-automation.host6.slyde.dk\/pl\/wp-json\/wp\/v2\/comments?post=4185"}],"version-history":[{"count":10,"href":"https:\/\/tech-automation.host6.slyde.dk\/pl\/wp-json\/wp\/v2\/pages\/4185\/revisions"}],"predecessor-version":[{"id":9279,"href":"https:\/\/tech-automation.host6.slyde.dk\/pl\/wp-json\/wp\/v2\/pages\/4185\/revisions\/9279"}],"wp:attachment":[{"href":"https:\/\/tech-automation.host6.slyde.dk\/pl\/wp-json\/wp\/v2\/media?parent=4185"}],"curies":[{"name":"wp","href":"https:\/\/api.w.org\/{rel}","templated":true}]}}