{"id":4164,"date":"2023-12-28T14:57:18","date_gmt":"2023-12-28T13:57:18","guid":{"rendered":"https:\/\/tech-automation.dk\/programowanie\/"},"modified":"2026-03-24T15:37:55","modified_gmt":"2026-03-24T14:37:55","slug":"programowanie","status":"publish","type":"page","link":"https:\/\/tech-automation.host6.slyde.dk\/pl\/programowanie\/","title":{"rendered":"Rozw\u00f3j"},"content":{"rendered":"\t\t<div data-elementor-type=\"wp-page\" data-elementor-id=\"4164\" class=\"elementor elementor-4164 elementor-2389\" data-elementor-post-type=\"page\">\n\t\t\t\t<div class=\"elementor-element elementor-element-e2e0410 e-flex e-con-boxed e-con e-parent\" data-id=\"e2e0410\" data-element_type=\"container\" data-e-type=\"container\" data-settings=\"{&quot;background_background&quot;:&quot;gradient&quot;,&quot;motion_fx_motion_fx_scrolling&quot;:&quot;yes&quot;,&quot;animation&quot;:&quot;none&quot;,&quot;motion_fx_devices&quot;:[&quot;desktop&quot;,&quot;tablet&quot;,&quot;mobile&quot;]}\">\n\t\t\t\t\t<div class=\"e-con-inner\">\n\t\t<div class=\"elementor-element elementor-element-7dfc2e8 e-flex e-con-boxed e-con e-child\" data-id=\"7dfc2e8\" data-element_type=\"container\" data-e-type=\"container\">\n\t\t\t\t\t<div class=\"e-con-inner\">\n\t\t<div class=\"elementor-element elementor-element-e08995b e-con-full e-flex e-con e-child\" data-id=\"e08995b\" data-element_type=\"container\" data-e-type=\"container\">\n\t\t\t\t<div class=\"elementor-element elementor-element-30b15d1 elementor-invisible elementor-widget elementor-widget-heading\" data-id=\"30b15d1\" data-element_type=\"widget\" data-e-type=\"widget\" data-settings=\"{&quot;_animation&quot;:&quot;fadeInDown&quot;,&quot;_animation_delay&quot;:500}\" data-widget_type=\"heading.default\">\n\t\t\t\t\t<h1 class=\"elementor-heading-title elementor-size-default\">Rozw\u00f3j<\/h1>\t\t\t\t<\/div>\n\t\t\t\t<div class=\"elementor-element elementor-element-e16c913 elementor-widget elementor-widget-text-editor\" data-id=\"e16c913\" data-element_type=\"widget\" data-e-type=\"widget\" data-widget_type=\"text-editor.default\">\n\t\t\t\t\t\t\t\t\t<h5><strong>Rozw\u00f3j z naciskiem na warto\u015b\u0107 i jako\u015b\u0107<\/strong><\/h5>\t\t\t\t\t\t\t\t<\/div>\n\t\t\t\t<div class=\"elementor-element elementor-element-a9e3698 elementor-invisible elementor-widget elementor-widget-text-editor\" data-id=\"a9e3698\" data-element_type=\"widget\" data-e-type=\"widget\" data-settings=\"{&quot;_animation&quot;:&quot;fadeInDown&quot;,&quot;_animation_delay&quot;:800}\" data-widget_type=\"text-editor.default\">\n\t\t\t\t\t\t\t\t\t<p>U nas ka\u017cde zadanie rozpoczyna si\u0119 od specyfikacji wymaga\u0144, kt\u00f3ra gwarantuje, \u017ce ju\u017c za pierwszym razem stworzymy odpowiednie rozwi\u0105zania.<\/p><p>Wierzymy, \u017ce solidne planowanie i silna wsp\u00f3\u0142praca s\u0105 podstaw\u0105 sukcesu, dlatego pracujemy systematycznie i w \u015bcis\u0142ym dialogu z naszymi wewn\u0119trznymi i zewn\u0119trznymi partnerami<\/p>\t\t\t\t\t\t\t\t<\/div>\n\t\t\t\t<\/div>\n\t\t<div class=\"elementor-element elementor-element-a9b9fa8 e-con-full e-flex e-con e-child\" data-id=\"a9b9fa8\" data-element_type=\"container\" data-e-type=\"container\">\n\t\t\t\t<div class=\"elementor-element elementor-element-c30ceb3 elementor-widget elementor-widget-image\" data-id=\"c30ceb3\" data-element_type=\"widget\" data-e-type=\"widget\" data-widget_type=\"image.default\">\n\t\t\t\t\t\t\t\t\t\t\t\t\t\t\t<img fetchpriority=\"high\" decoding=\"async\" width=\"473\" height=\"473\" src=\"https:\/\/tech-automation.host6.slyde.dk\/wp-content\/uploads\/2025\/07\/Udvikling_Sub.png\" class=\"attachment-large size-large wp-image-7923\" alt=\"\" srcset=\"https:\/\/tech-automation.host6.slyde.dk\/wp-content\/uploads\/2025\/07\/Udvikling_Sub.png 473w, https:\/\/tech-automation.host6.slyde.dk\/wp-content\/uploads\/2025\/07\/Udvikling_Sub-300x300.png 300w, https:\/\/tech-automation.host6.slyde.dk\/wp-content\/uploads\/2025\/07\/Udvikling_Sub-150x150.png 150w\" sizes=\"(max-width: 473px) 100vw, 473px\" \/>\t\t\t\t\t\t\t\t\t\t\t\t\t\t\t<\/div>\n\t\t\t\t<\/div>\n\t\t\t\t\t<\/div>\n\t\t\t\t<\/div>\n\t\t<div class=\"elementor-element elementor-element-35c92ac elementor-hidden-mobile e-flex e-con-boxed e-con e-child\" data-id=\"35c92ac\" data-element_type=\"container\" data-e-type=\"container\">\n\t\t\t\t\t<div class=\"e-con-inner\">\n\t\t\t\t<div class=\"elementor-element elementor-element-adf077b elementor-align-center elementor-mobile-align-center elementor-widget-mobile__width-inherit elementor-invisible elementor-widget elementor-widget-button\" data-id=\"adf077b\" data-element_type=\"widget\" data-e-type=\"widget\" data-settings=\"{&quot;_animation&quot;:&quot;fadeInUp&quot;,&quot;_animation_delay&quot;:4}\" data-widget_type=\"button.default\">\n\t\t\t\t\t\t\t\t\t\t<a class=\"elementor-button elementor-size-md\" role=\"button\">\n\t\t\t\t\t\t<span class=\"elementor-button-content-wrapper\">\n\t\t\t\t\t\t<span class=\"elementor-button-icon\">\n\t\t\t\t<svg aria-hidden=\"true\" class=\"e-font-icon-svg e-fas-angle-double-right\" viewBox=\"0 0 448 512\" xmlns=\"http:\/\/www.w3.org\/2000\/svg\"><path d=\"M224.3 273l-136 136c-9.4 9.4-24.6 9.4-33.9 0l-22.6-22.6c-9.4-9.4-9.4-24.6 0-33.9l96.4-96.4-96.4-96.4c-9.4-9.4-9.4-24.6 0-33.9L54.3 103c9.4-9.4 24.6-9.4 33.9 0l136 136c9.5 9.4 9.5 24.6.1 34zm192-34l-136-136c-9.4-9.4-24.6-9.4-33.9 0l-22.6 22.6c-9.4 9.4-9.4 24.6 0 33.9l96.4 96.4-96.4 96.4c-9.4 9.4-9.4 24.6 0 33.9l22.6 22.6c9.4 9.4 24.6 9.4 33.9 0l136-136c9.4-9.2 9.4-24.4 0-33.8z\"><\/path><\/svg>\t\t\t<\/span>\n\t\t\t\t\t\t\t\t\t<span class=\"elementor-button-text\">ROZW\u00d3J<\/span>\n\t\t\t\t\t<\/span>\n\t\t\t\t\t<\/a>\n\t\t\t\t\t\t\t\t<\/div>\n\t\t\t\t<div class=\"elementor-element elementor-element-df2ebb3 elementor-align-center elementor-mobile-align-center elementor-widget-mobile__width-inherit elementor-invisible elementor-widget elementor-widget-button\" data-id=\"df2ebb3\" data-element_type=\"widget\" data-e-type=\"widget\" data-settings=\"{&quot;_animation&quot;:&quot;fadeInUp&quot;,&quot;_animation_delay&quot;:4}\" data-widget_type=\"button.default\">\n\t\t\t\t\t\t\t\t\t\t<a class=\"elementor-button elementor-button-link elementor-size-md\" href=\"https:\/\/tech-automation.host6.slyde.dk\/pl\/projekt-elektryczny\/\">\n\t\t\t\t\t\t<span class=\"elementor-button-content-wrapper\">\n\t\t\t\t\t\t<span class=\"elementor-button-icon\">\n\t\t\t\t<svg aria-hidden=\"true\" class=\"e-font-icon-svg e-fas-angle-double-right\" viewBox=\"0 0 448 512\" xmlns=\"http:\/\/www.w3.org\/2000\/svg\"><path d=\"M224.3 273l-136 136c-9.4 9.4-24.6 9.4-33.9 0l-22.6-22.6c-9.4-9.4-9.4-24.6 0-33.9l96.4-96.4-96.4-96.4c-9.4-9.4-9.4-24.6 0-33.9L54.3 103c9.4-9.4 24.6-9.4 33.9 0l136 136c9.5 9.4 9.5 24.6.1 34zm192-34l-136-136c-9.4-9.4-24.6-9.4-33.9 0l-22.6 22.6c-9.4 9.4-9.4 24.6 0 33.9l96.4 96.4-96.4 96.4c-9.4 9.4-9.4 24.6 0 33.9l22.6 22.6c9.4 9.4 24.6 9.4 33.9 0l136-136c9.4-9.2 9.4-24.4 0-33.8z\"><\/path><\/svg>\t\t\t<\/span>\n\t\t\t\t\t\t\t\t\t<span class=\"elementor-button-text\">DESIGN<\/span>\n\t\t\t\t\t<\/span>\n\t\t\t\t\t<\/a>\n\t\t\t\t\t\t\t\t<\/div>\n\t\t\t\t<div class=\"elementor-element elementor-element-5a3273d elementor-align-center elementor-mobile-align-center elementor-widget-mobile__width-inherit elementor-invisible elementor-widget elementor-widget-button\" data-id=\"5a3273d\" data-element_type=\"widget\" data-e-type=\"widget\" data-settings=\"{&quot;_animation&quot;:&quot;fadeInUp&quot;,&quot;_animation_delay&quot;:4}\" data-widget_type=\"button.default\">\n\t\t\t\t\t\t\t\t\t\t<a class=\"elementor-button elementor-button-link elementor-size-md\" href=\"https:\/\/tech-automation.host6.slyde.dk\/pl\/produkcja\/\">\n\t\t\t\t\t\t<span class=\"elementor-button-content-wrapper\">\n\t\t\t\t\t\t<span class=\"elementor-button-icon\">\n\t\t\t\t<svg aria-hidden=\"true\" class=\"e-font-icon-svg e-fas-angle-double-right\" viewBox=\"0 0 448 512\" xmlns=\"http:\/\/www.w3.org\/2000\/svg\"><path d=\"M224.3 273l-136 136c-9.4 9.4-24.6 9.4-33.9 0l-22.6-22.6c-9.4-9.4-9.4-24.6 0-33.9l96.4-96.4-96.4-96.4c-9.4-9.4-9.4-24.6 0-33.9L54.3 103c9.4-9.4 24.6-9.4 33.9 0l136 136c9.5 9.4 9.5 24.6.1 34zm192-34l-136-136c-9.4-9.4-24.6-9.4-33.9 0l-22.6 22.6c-9.4 9.4-9.4 24.6 0 33.9l96.4 96.4-96.4 96.4c-9.4 9.4-9.4 24.6 0 33.9l22.6 22.6c9.4 9.4 24.6 9.4 33.9 0l136-136c9.4-9.2 9.4-24.4 0-33.8z\"><\/path><\/svg>\t\t\t<\/span>\n\t\t\t\t\t\t\t\t\t<span class=\"elementor-button-text\">PRODUKCJA<\/span>\n\t\t\t\t\t<\/span>\n\t\t\t\t\t<\/a>\n\t\t\t\t\t\t\t\t<\/div>\n\t\t\t\t<div class=\"elementor-element elementor-element-26e3185 elementor-align-center elementor-mobile-align-center elementor-widget-mobile__width-inherit elementor-invisible elementor-widget elementor-widget-button\" data-id=\"26e3185\" data-element_type=\"widget\" data-e-type=\"widget\" data-settings=\"{&quot;_animation&quot;:&quot;fadeInUp&quot;,&quot;_animation_delay&quot;:4}\" data-widget_type=\"button.default\">\n\t\t\t\t\t\t\t\t\t\t<a class=\"elementor-button elementor-button-link elementor-size-md\" href=\"https:\/\/tech-automation.host6.slyde.dk\/pl\/zarzadzanie-projektami\/\">\n\t\t\t\t\t\t<span class=\"elementor-button-content-wrapper\">\n\t\t\t\t\t\t<span class=\"elementor-button-icon\">\n\t\t\t\t<svg aria-hidden=\"true\" class=\"e-font-icon-svg e-fas-angle-double-right\" viewBox=\"0 0 448 512\" xmlns=\"http:\/\/www.w3.org\/2000\/svg\"><path d=\"M224.3 273l-136 136c-9.4 9.4-24.6 9.4-33.9 0l-22.6-22.6c-9.4-9.4-9.4-24.6 0-33.9l96.4-96.4-96.4-96.4c-9.4-9.4-9.4-24.6 0-33.9L54.3 103c9.4-9.4 24.6-9.4 33.9 0l136 136c9.5 9.4 9.5 24.6.1 34zm192-34l-136-136c-9.4-9.4-24.6-9.4-33.9 0l-22.6 22.6c-9.4 9.4-9.4 24.6 0 33.9l96.4 96.4-96.4 96.4c-9.4 9.4-9.4 24.6 0 33.9l22.6 22.6c9.4 9.4 24.6 9.4 33.9 0l136-136c9.4-9.2 9.4-24.4 0-33.8z\"><\/path><\/svg>\t\t\t<\/span>\n\t\t\t\t\t\t\t\t\t<span class=\"elementor-button-text\">SERWIS<\/span>\n\t\t\t\t\t<\/span>\n\t\t\t\t\t<\/a>\n\t\t\t\t\t\t\t\t<\/div>\n\t\t\t\t\t<\/div>\n\t\t\t\t<\/div>\n\t\t\t\t\t<\/div>\n\t\t\t\t<\/div>\n\t\t<div class=\"elementor-element elementor-element-5edb42a e-flex e-con-boxed e-con e-parent\" data-id=\"5edb42a\" data-element_type=\"container\" data-e-type=\"container\" data-settings=\"{&quot;background_background&quot;:&quot;classic&quot;}\">\n\t\t\t\t\t<div class=\"e-con-inner\">\n\t\t\t\t<div class=\"elementor-element elementor-element-7d34f97 elementor-widget__width-inherit elementor-widget elementor-widget-text-editor\" data-id=\"7d34f97\" data-element_type=\"widget\" data-e-type=\"widget\" data-widget_type=\"text-editor.default\">\n\t\t\t\t\t\t\t\t\t<p><strong>Dok\u0142adne planowanie zapewniaj\u0105ce maksymaln\u0105 warto\u015b\u0107 i wydajno\u015b\u0107<\/strong><\/p><p>W \u015bwiecie, w kt\u00f3rym technologia i biznes nieustannie ewoluuj\u0105, kluczowe znaczenie ma rozpocz\u0119cie ka\u017cdego projektu z jasnym i ustrukturyzowanym podej\u015bciem. Z nami zawsze zaczynamy od stworzenia szczeg\u00f3\u0142owej specyfikacji wymaga\u0144, kt\u00f3ra zapewnia, \u017ce z g\u00f3ry rozumiemy Twoje potrzeby i cele. Ten podstawowy proces daje nam solidne podstawy do dostarczania rozwi\u0105za\u0144, kt\u00f3re tworz\u0105 d\u0142ugoterminow\u0105 warto\u015b\u0107 dla Twojej firmy.  <\/p><p><strong>Perspektywa helikoptera i ukierunkowana analiza<\/strong><\/p><p>Koncentrujemy si\u0119 na tworzeniu namacalnych wynik\u00f3w, kt\u00f3re nap\u0119dzaj\u0105 rozw\u00f3j Twojej firmy. Zanim zaczniemy programowa\u0107, przygl\u0105damy si\u0119 Twojemu wyzwaniu z helikoptera. Ta dog\u0142\u0119bna analiza daje nam jasny obraz sytuacji i pomaga wybra\u0107 najskuteczniejsze rozwi\u0105zania. Celem jest nie tylko rozwi\u0105zanie istniej\u0105cych problem\u00f3w, ale tak\u017ce wykorzystanie potencja\u0142u ulepsze\u0144 i innowacji, kt\u00f3re mog\u0105 zoptymalizowa\u0107 procesy i zwi\u0119kszy\u0107 wydajno\u015b\u0107.   <\/p><p><strong>Konkretny opis zadania i jego uzgodnienie<\/strong><\/p><p>Kolejnym krokiem jest szczeg\u00f3\u0142owy brief. Okre\u015bla on wymagania, potrzebne zasoby i harmonogram projektu &#8211; wszystko zgodnie z oczekiwaniami klienta. To dok\u0142adne planowanie zapewnia, \u017ce zar\u00f3wno Ty, jak i nasz zesp\u00f3\u0142 jeste\u015bcie na tej samej stronie, zmniejszaj\u0105c ryzyko nieporozumie\u0144 i umo\u017cliwiaj\u0105c nam szybkie i wydajne uko\u0144czenie projektu.  <\/p><p><strong>Proste, kreatywne podej\u015bcie do z\u0142o\u017conych rozwi\u0105za\u0144<\/strong><\/p><p>Wierzymy, \u017ce najskuteczniejsze rozwi\u0105zania to te proste. Nasze podej\u015bcie jest zar\u00f3wno kreatywne, jak i praktyczne &#8211; rzucamy wyzwanie konwencjonalnym rozwi\u0105zaniom i my\u015blimy nieszablonowo, ale jednocze\u015bnie trzymamy si\u0119 zasady tworzenia rozwi\u0105za\u0144, kt\u00f3re s\u0105 \u0142atwe do zrozumienia i wdro\u017cenia. Oznacza to, \u017ce opracowujemy rozwi\u0105zania, kt\u00f3re wnosz\u0105 warto\u015b\u0107 dodan\u0105, s\u0105 przyjazne dla u\u017cytkownika i mo\u017cna je szybko dostosowa\u0107 do potrzeb biznesowych.  <\/p><p><strong>Partnerstwo w ca\u0142ym procesie<\/strong><\/p><p>Nie postrzegamy siebie jako zewn\u0119trznego dostawcy, ale jako aktywnego partnera. \u015aci\u015ble wsp\u00f3\u0142pracujemy z klientami, aby zrozumie\u0107 stoj\u0105ce przed nimi wyzwania i pom\u00f3c im w poruszaniu si\u0119 w z\u0142o\u017conym \u015brodowisku technologicznym. Poprzez ci\u0105g\u0142y dialog zapewniamy, \u017ce nasze rozwi\u0105zania nie tylko spe\u0142niaj\u0105 Twoje potrzeby, ale tak\u017ce tworz\u0105 nowe mo\u017cliwo\u015bci innowacji i rozwoju.  <\/p><p><strong>Pozw\u00f3l nam pom\u00f3c w rozwoju Twojej firmy<\/strong><\/p><p>Czy jeste\u015b gotowy, aby przenie\u015b\u0107 swoj\u0105 firm\u0119 na wy\u017cszy poziom? Skontaktuj si\u0119 z nami ju\u017c dzi\u015b, aby rozpocz\u0105\u0107 dialog na temat tego, jak mo\u017cemy wsp\u00f3lnie opracowa\u0107 dostosowane rozwi\u0105zania, kt\u00f3re wzmocni\u0105 Tw\u00f3j biznes i rozwi\u0105\u017c\u0105 Twoje wyzwania technologiczne. <\/p>\t\t\t\t\t\t\t\t<\/div>\n\t\t\t\t\t<\/div>\n\t\t\t\t<\/div>\n\t\t<div class=\"elementor-element elementor-element-89e471e e-flex e-con-boxed e-con e-parent\" data-id=\"89e471e\" data-element_type=\"container\" data-e-type=\"container\" data-settings=\"{&quot;background_background&quot;:&quot;classic&quot;}\">\n\t\t\t\t\t<div class=\"e-con-inner\">\n\t\t<div class=\"elementor-element elementor-element-886d0d2 e-con-full e-flex e-con e-child\" data-id=\"886d0d2\" data-element_type=\"container\" data-e-type=\"container\" data-settings=\"{&quot;background_background&quot;:&quot;classic&quot;}\">\n\t\t<div class=\"elementor-element elementor-element-6e5712f e-flex e-con-boxed e-con e-child\" data-id=\"6e5712f\" data-element_type=\"container\" data-e-type=\"container\" data-settings=\"{&quot;background_background&quot;:&quot;classic&quot;}\">\n\t\t\t\t\t<div class=\"e-con-inner\">\n\t\t\t\t<div class=\"elementor-element elementor-element-1914b65 elementor-widget elementor-widget-heading\" data-id=\"1914b65\" data-element_type=\"widget\" data-e-type=\"widget\" data-widget_type=\"heading.default\">\n\t\t\t\t\t<h3 class=\"elementor-heading-title elementor-size-default\">Rozw\u00f3j<\/h3>\t\t\t\t<\/div>\n\t\t\t\t<div class=\"elementor-element elementor-element-6a53d45 elementor-widget elementor-widget-image\" data-id=\"6a53d45\" data-element_type=\"widget\" data-e-type=\"widget\" data-widget_type=\"image.default\">\n\t\t\t\t\t\t\t\t\t\t\t\t\t\t\t<img decoding=\"async\" width=\"800\" height=\"800\" src=\"https:\/\/tech-automation.host6.slyde.dk\/wp-content\/uploads\/2025\/07\/V-Model-u-bagg_v2.png\" class=\"attachment-large size-large wp-image-7983\" alt=\"\" srcset=\"https:\/\/tech-automation.host6.slyde.dk\/wp-content\/uploads\/2025\/07\/V-Model-u-bagg_v2.png 800w, https:\/\/tech-automation.host6.slyde.dk\/wp-content\/uploads\/2025\/07\/V-Model-u-bagg_v2-300x300.png 300w, https:\/\/tech-automation.host6.slyde.dk\/wp-content\/uploads\/2025\/07\/V-Model-u-bagg_v2-150x150.png 150w, https:\/\/tech-automation.host6.slyde.dk\/wp-content\/uploads\/2025\/07\/V-Model-u-bagg_v2-768x768.png 768w\" sizes=\"(max-width: 800px) 100vw, 800px\" \/>\t\t\t\t\t\t\t\t\t\t\t\t\t\t\t<\/div>\n\t\t\t\t<div class=\"elementor-element elementor-element-8a61039 elementor-widget elementor-widget-text-editor\" data-id=\"8a61039\" data-element_type=\"widget\" data-e-type=\"widget\" data-widget_type=\"text-editor.default\">\n\t\t\t\t\t\t\t\t\t<p>Pracujemy strukturalnie z modelem V, zaawansowanym i wydajnym rozwi\u0105zaniem sterowania, kt\u00f3re oferuje precyzyjn\u0105 kontrol\u0119 i niezawodn\u0105 wydajno\u015b\u0107. Nasz model V zosta\u0142 zaprojektowany, aby sprosta\u0107 nowoczesnym wymaganiom w zakresie elastyczno\u015bci i precyzji, dzi\u0119ki czemu idealnie nadaje si\u0119 do szerokiej gamy zastosowa\u0144 przemys\u0142owych. <\/p><p>Dzi\u0119ki naszej dba\u0142o\u015bci o jako\u015b\u0107 i szczeg\u00f3\u0142y zapewniamy, \u017ce ka\u017cdy model V spe\u0142nia najwy\u017csze standardy. Skontaktuj si\u0119 z nami ju\u017c dzi\u015b, aby dowiedzie\u0107 si\u0119 wi\u0119cej o naszym modelu V i o tym, jak mo\u017ce on zoptymalizowa\u0107 Tw\u00f3j biznes. <\/p>\t\t\t\t\t\t\t\t<\/div>\n\t\t\t\t<div class=\"elementor-element elementor-element-be56db3 elementor-widget elementor-widget-button\" data-id=\"be56db3\" data-element_type=\"widget\" data-e-type=\"widget\" data-widget_type=\"button.default\">\n\t\t\t\t\t\t\t\t\t\t<a class=\"elementor-button elementor-button-link elementor-size-md\" href=\"https:\/\/tech-automation.host6.slyde.dk\/pl\/programujemy-w-siemens-i-schneider\/\">\n\t\t\t\t\t\t<span class=\"elementor-button-content-wrapper\">\n\t\t\t\t\t\t\t\t\t<span class=\"elementor-button-text\">Wi\u0119cej informacji na blogu<\/span>\n\t\t\t\t\t<\/span>\n\t\t\t\t\t<\/a>\n\t\t\t\t\t\t\t\t<\/div>\n\t\t\t\t\t<\/div>\n\t\t\t\t<\/div>\n\t\t\t\t<\/div>\n\t\t<div class=\"elementor-element elementor-element-831614e e-con-full e-flex e-con e-child\" data-id=\"831614e\" data-element_type=\"container\" data-e-type=\"container\" data-settings=\"{&quot;background_background&quot;:&quot;classic&quot;}\">\n\t\t<div class=\"elementor-element elementor-element-ffb4eb5 e-con-full e-flex e-con e-child\" data-id=\"ffb4eb5\" data-element_type=\"container\" data-e-type=\"container\" data-settings=\"{&quot;background_background&quot;:&quot;classic&quot;}\">\n\t\t<div class=\"elementor-element elementor-element-9aa2fe9 e-con-full e-flex e-con e-child\" data-id=\"9aa2fe9\" data-element_type=\"container\" data-e-type=\"container\">\n\t\t\t\t<div class=\"elementor-element elementor-element-d704d5b elementor-widget elementor-widget-heading\" data-id=\"d704d5b\" data-element_type=\"widget\" data-e-type=\"widget\" data-widget_type=\"heading.default\">\n\t\t\t\t\t<h2 class=\"elementor-heading-title elementor-size-default\">Skontaktuj si\u0119 z nami<\/h2>\t\t\t\t<\/div>\n\t\t\t\t<div class=\"elementor-element elementor-element-9a3e3db elementor-widget elementor-widget-text-editor\" data-id=\"9a3e3db\" data-element_type=\"widget\" data-e-type=\"widget\" data-widget_type=\"text-editor.default\">\n\t\t\t\t\t\t\t\t\t<p><strong>Jesper Juul<\/strong><\/p><p><br>\n  <br>D<strong>yrektor i wsp\u00f3\u0142w\u0142a\u015bciciel<\/strong> Mail:<a href=\"mailto:mst@tech-automation.dk\">jj@tech-automation.dk<\/a> Mobile<a href=\"tel:+4525400652\">+45 2540 0651<\/a>\n<\/p>\t\t\t\t\t\t\t\t<\/div>\n\t\t\t\t<\/div>\n\t\t<div class=\"elementor-element elementor-element-c3d67c7 e-flex e-con-boxed e-con e-child\" data-id=\"c3d67c7\" data-element_type=\"container\" data-e-type=\"container\">\n\t\t\t\t\t<div class=\"e-con-inner\">\n\t\t\t\t<div class=\"elementor-element elementor-element-a7f0b63 elementor-widget elementor-widget-image\" data-id=\"a7f0b63\" data-element_type=\"widget\" data-e-type=\"widget\" data-widget_type=\"image.default\">\n\t\t\t\t\t\t\t\t\t\t\t\t\t\t\t<img decoding=\"async\" width=\"800\" height=\"800\" src=\"https:\/\/tech-automation.host6.slyde.dk\/wp-content\/uploads\/2025\/07\/Jesper_kontakt.png.webp\" class=\"attachment-large size-large wp-image-7534\" alt=\"\" srcset=\"https:\/\/tech-automation.host6.slyde.dk\/wp-content\/uploads\/2025\/07\/Jesper_kontakt.png.webp 889w, https:\/\/tech-automation.host6.slyde.dk\/wp-content\/uploads\/2025\/07\/Jesper_kontakt.png-300x300.webp 300w, https:\/\/tech-automation.host6.slyde.dk\/wp-content\/uploads\/2025\/07\/Jesper_kontakt.png-150x150.webp 150w, https:\/\/tech-automation.host6.slyde.dk\/wp-content\/uploads\/2025\/07\/Jesper_kontakt.png-768x768.webp 768w\" sizes=\"(max-width: 800px) 100vw, 800px\" \/>\t\t\t\t\t\t\t\t\t\t\t\t\t\t\t<\/div>\n\t\t\t\t\t<\/div>\n\t\t\t\t<\/div>\n\t\t\t\t<\/div>\n\t\t<div class=\"elementor-element elementor-element-c753f05 e-flex e-con-boxed e-con e-child\" data-id=\"c753f05\" data-element_type=\"container\" data-e-type=\"container\" data-settings=\"{&quot;background_background&quot;:&quot;classic&quot;}\">\n\t\t\t\t\t<div class=\"e-con-inner\">\n\t\t\t\t<div class=\"elementor-element elementor-element-7b9cd1d elementor-widget elementor-widget-heading\" data-id=\"7b9cd1d\" data-element_type=\"widget\" data-e-type=\"widget\" data-widget_type=\"heading.default\">\n\t\t\t\t\t<h3 class=\"elementor-heading-title elementor-size-default\">Mo\u017cemy przetestowa\u0107 i skonfigurowa\u0107 system w naszej siedzibie lub u klienta.\n<\/h3>\t\t\t\t<\/div>\n\t\t\t\t<div class=\"elementor-element elementor-element-d6eaa4a elementor-widget elementor-widget-image\" data-id=\"d6eaa4a\" data-element_type=\"widget\" data-e-type=\"widget\" data-widget_type=\"image.default\">\n\t\t\t\t\t\t\t\t\t\t\t\t\t\t\t<img loading=\"lazy\" decoding=\"async\" width=\"800\" height=\"437\" src=\"https:\/\/tech-automation.host6.slyde.dk\/wp-content\/uploads\/2025\/07\/Tirsdalsvej_1_IMG_7070.jpg\" class=\"attachment-large size-large wp-image-7380\" alt=\"\" srcset=\"https:\/\/tech-automation.host6.slyde.dk\/wp-content\/uploads\/2025\/07\/Tirsdalsvej_1_IMG_7070.jpg 882w, https:\/\/tech-automation.host6.slyde.dk\/wp-content\/uploads\/2025\/07\/Tirsdalsvej_1_IMG_7070-300x164.jpg 300w, https:\/\/tech-automation.host6.slyde.dk\/wp-content\/uploads\/2025\/07\/Tirsdalsvej_1_IMG_7070-768x420.jpg 768w\" sizes=\"(max-width: 800px) 100vw, 800px\" \/>\t\t\t\t\t\t\t\t\t\t\t\t\t\t\t<\/div>\n\t\t\t\t<div class=\"elementor-element elementor-element-7fc8c10 elementor-widget elementor-widget-text-editor\" data-id=\"7fc8c10\" data-element_type=\"widget\" data-e-type=\"widget\" data-widget_type=\"text-editor.default\">\n\t\t\t\t\t\t\t\t\t<p>Oferujemy elastyczne opcje testowania i instalacji naszych system\u00f3w. Mo\u017cemy przeprowadzi\u0107 testy i konfiguracj\u0119 we w\u0142asnym zakresie lub bezpo\u015brednio u klienta.<\/p>\t\t\t\t\t\t\t\t<\/div>\n\t\t\t\t\t<\/div>\n\t\t\t\t<\/div>\n\t\t\t\t<\/div>\n\t\t\t\t\t<\/div>\n\t\t\t\t<\/div>\n\t\t\t\t<\/div>\n\t\t","protected":false},"excerpt":{"rendered":"<p>Rozw\u00f3j Rozw\u00f3j z naciskiem na warto\u015b\u0107 i jako\u015b\u0107 U nas ka\u017cde zadanie rozpoczyna si\u0119 od specyfikacji wymaga\u0144, kt\u00f3ra gwarantuje, \u017ce ju\u017c za pierwszym razem stworzymy odpowiednie rozwi\u0105zania. Wierzymy, \u017ce solidne planowanie i silna wsp\u00f3\u0142praca s\u0105 podstaw\u0105 sukcesu, dlatego pracujemy systematycznie i w \u015bcis\u0142ym dialogu z naszymi wewn\u0119trznymi i zewn\u0119trznymi partnerami ROZW\u00d3J DESIGN PRODUKCJA SERWIS Dok\u0142adne [&hellip;]<\/p>\n","protected":false},"author":4,"featured_media":0,"parent":0,"menu_order":0,"comment_status":"closed","ping_status":"closed","template":"","meta":{"footnotes":""},"class_list":["post-4164","page","type-page","status-publish","hentry"],"_links":{"self":[{"href":"https:\/\/tech-automation.host6.slyde.dk\/pl\/wp-json\/wp\/v2\/pages\/4164","targetHints":{"allow":["GET"]}}],"collection":[{"href":"https:\/\/tech-automation.host6.slyde.dk\/pl\/wp-json\/wp\/v2\/pages"}],"about":[{"href":"https:\/\/tech-automation.host6.slyde.dk\/pl\/wp-json\/wp\/v2\/types\/page"}],"author":[{"embeddable":true,"href":"https:\/\/tech-automation.host6.slyde.dk\/pl\/wp-json\/wp\/v2\/users\/4"}],"replies":[{"embeddable":true,"href":"https:\/\/tech-automation.host6.slyde.dk\/pl\/wp-json\/wp\/v2\/comments?post=4164"}],"version-history":[{"count":14,"href":"https:\/\/tech-automation.host6.slyde.dk\/pl\/wp-json\/wp\/v2\/pages\/4164\/revisions"}],"predecessor-version":[{"id":9346,"href":"https:\/\/tech-automation.host6.slyde.dk\/pl\/wp-json\/wp\/v2\/pages\/4164\/revisions\/9346"}],"wp:attachment":[{"href":"https:\/\/tech-automation.host6.slyde.dk\/pl\/wp-json\/wp\/v2\/media?parent=4164"}],"curies":[{"name":"wp","href":"https:\/\/api.w.org\/{rel}","templated":true}]}}