{"id":4162,"date":"2023-04-25T11:04:37","date_gmt":"2023-04-25T10:04:37","guid":{"rendered":"https:\/\/tech-automation.dk\/oferty-pracy\/"},"modified":"2026-04-09T12:15:17","modified_gmt":"2026-04-09T11:15:17","slug":"oferty-pracy","status":"publish","type":"page","link":"https:\/\/tech-automation.host6.slyde.dk\/pl\/oferty-pracy\/","title":{"rendered":"Oferty pracy"},"content":{"rendered":"\t\t<div data-elementor-type=\"wp-page\" data-elementor-id=\"4162\" class=\"elementor elementor-4162 elementor-1901\" data-elementor-post-type=\"page\">\n\t\t\t\t\t\t<section class=\"elementor-section elementor-top-section elementor-element elementor-element-58868d8f elementor-section-height-min-height elementor-section-items-top elementor-section-boxed elementor-section-height-default\" data-id=\"58868d8f\" data-element_type=\"section\" data-e-type=\"section\" data-settings=\"{&quot;background_background&quot;:&quot;classic&quot;,&quot;motion_fx_motion_fx_scrolling&quot;:&quot;yes&quot;,&quot;animation&quot;:&quot;none&quot;,&quot;motion_fx_devices&quot;:[&quot;desktop&quot;,&quot;tablet&quot;,&quot;mobile&quot;]}\">\n\t\t\t\t\t\t\t<div class=\"elementor-background-overlay\"><\/div>\n\t\t\t\t\t\t\t<div class=\"elementor-container elementor-column-gap-default\">\n\t\t\t\t\t<div class=\"elementor-column elementor-col-100 elementor-top-column elementor-element elementor-element-4a5df190\" data-id=\"4a5df190\" data-element_type=\"column\" data-e-type=\"column\">\n\t\t\t<div class=\"elementor-widget-wrap elementor-element-populated\">\n\t\t\t\t<div class=\"elementor-element elementor-element-5664520 e-flex e-con-boxed e-con e-parent\" data-id=\"5664520\" data-element_type=\"container\" data-e-type=\"container\">\n\t\t\t\t\t<div class=\"e-con-inner\">\n\t\t\t\t<div class=\"elementor-element elementor-element-19a3967 elementor-invisible elementor-widget elementor-widget-heading\" data-id=\"19a3967\" data-element_type=\"widget\" data-e-type=\"widget\" data-settings=\"{&quot;_animation&quot;:&quot;fadeInDown&quot;,&quot;_animation_delay&quot;:500}\" data-widget_type=\"heading.default\">\n\t\t\t\t\t<h2 class=\"elementor-heading-title elementor-size-default\">Oferty pracy<\/h2>\t\t\t\t<\/div>\n\t\t\t\t<div class=\"elementor-element elementor-element-32458e7 elementor-widget elementor-widget-text-editor\" data-id=\"32458e7\" data-element_type=\"widget\" data-e-type=\"widget\" data-widget_type=\"text-editor.default\">\n\t\t\t\t\t\t\t\t\t<p style=\"font-weight: 400;\">Na tej stronie mo\u017cna przeczyta\u0107 wi\u0119cej o naszych ofertach pracy.<\/p><p style=\"font-weight: 400;\">Nieustannie poszukujemy utalentowanych i innowacyjnych pracownik\u00f3w, dlatego ch\u0119tnie przyjmujemy niezam\u00f3wione aplikacje.<\/p><p style=\"font-weight: 400;\"><span style=\"color: var( --e-global-color-c0e5f7c ); font-family: var( --e-global-typography-7ef76be-font-family ), Sans-serif; font-size: var( --e-global-typography-7ef76be-font-size ); letter-spacing: var( --e-global-typography-7ef76be-letter-spacing ); word-spacing: var( --e-global-typography-7ef76be-word-spacing ); background-color: var( --e-global-color-6dc675e );\">Do\u0142\u0105cz do podr\u00f3\u017cy z Tech Automation!<\/span><\/p>\t\t\t\t\t\t\t\t<\/div>\n\t\t\t\t\t<\/div>\n\t\t\t\t<\/div>\n\t\t\t\t<div class=\"elementor-element elementor-element-e5f2ea9 elementor-widget-divider--view-line elementor-widget elementor-widget-divider\" data-id=\"e5f2ea9\" data-element_type=\"widget\" data-e-type=\"widget\" data-widget_type=\"divider.default\">\n\t\t\t\t\t\t\t<div class=\"elementor-divider\">\n\t\t\t<span class=\"elementor-divider-separator\">\n\t\t\t\t\t\t<\/span>\n\t\t<\/div>\n\t\t\t\t\t\t<\/div>\n\t\t<div class=\"elementor-element elementor-element-7e9de97 e-flex e-con-boxed e-con e-parent\" data-id=\"7e9de97\" data-element_type=\"container\" data-e-type=\"container\">\n\t\t\t\t\t<div class=\"e-con-inner\">\n\t\t<div class=\"elementor-element elementor-element-51b0ca4 e-con-full e-flex e-con e-child\" data-id=\"51b0ca4\" data-element_type=\"container\" data-e-type=\"container\">\n\t\t\t\t<div class=\"elementor-element elementor-element-ff0ea5e elementor-widget elementor-widget-text-editor\" data-id=\"ff0ea5e\" data-element_type=\"widget\" data-e-type=\"widget\" data-widget_type=\"text-editor.default\">\n\t\t\t\t\t\t\t\t\t<p>SZUKAMY<\/p>\t\t\t\t\t\t\t\t<\/div>\n\t\t\t\t<div class=\"elementor-element elementor-element-fc27273 elementor-widget elementor-widget-heading\" data-id=\"fc27273\" data-element_type=\"widget\" data-e-type=\"widget\" data-widget_type=\"heading.default\">\n\t\t\t\t\t<h2 class=\"elementor-heading-title elementor-size-default\">Kierownik dzia\u0142u ds. warsztat\u00f3w tablicowych<\/h2>\t\t\t\t<\/div>\n\t\t\t\t<div class=\"elementor-element elementor-element-01f1deb elementor-widget elementor-widget-text-editor\" data-id=\"01f1deb\" data-element_type=\"widget\" data-e-type=\"widget\" data-widget_type=\"text-editor.default\">\n\t\t\t\t\t\t\t\t\t<p>Czy chcesz kierowa\u0107 silnym, profesjonalnym zespo\u0142em i pomaga\u0107 w zapewnieniu wysokiej jako\u015bci produkcji rozdzielnic elektrycznych? W takim razie mo\u017cesz zosta\u0107 naszym nowym kierownikiem dzia\u0142u warsztatu rozdzielnic. <\/p>\t\t\t\t\t\t\t\t<\/div>\n\t\t\t\t<div class=\"elementor-element elementor-element-8eed24e elementor-widget elementor-widget-button\" data-id=\"8eed24e\" data-element_type=\"widget\" data-e-type=\"widget\" data-widget_type=\"button.default\">\n\t\t\t\t\t\t\t\t\t\t<a class=\"elementor-button elementor-button-link elementor-size-sm\" href=\"https:\/\/tech-automation.host6.slyde.dk\/pl\/kierownik-dzialu\/\">\n\t\t\t\t\t\t<span class=\"elementor-button-content-wrapper\">\n\t\t\t\t\t\t\t\t\t<span class=\"elementor-button-text\">Wi\u0119cej informacji o stanowisku<\/span>\n\t\t\t\t\t<\/span>\n\t\t\t\t\t<\/a>\n\t\t\t\t\t\t\t\t<\/div>\n\t\t\t\t<\/div>\n\t\t\t\t<div class=\"elementor-element elementor-element-d03a8d0 elementor-widget elementor-widget-image\" data-id=\"d03a8d0\" data-element_type=\"widget\" data-e-type=\"widget\" data-widget_type=\"image.default\">\n\t\t\t\t\t\t\t\t\t\t\t\t\t\t\t<img fetchpriority=\"high\" decoding=\"async\" width=\"800\" height=\"800\" src=\"https:\/\/tech-automation.host6.slyde.dk\/wp-content\/uploads\/2026\/04\/Driftleder_Stilling_20260310_125722-1024x1024.jpg\" class=\"attachment-large size-large wp-image-9422\" alt=\"\" srcset=\"https:\/\/tech-automation.host6.slyde.dk\/wp-content\/uploads\/2026\/04\/Driftleder_Stilling_20260310_125722-1024x1024.jpg 1024w, https:\/\/tech-automation.host6.slyde.dk\/wp-content\/uploads\/2026\/04\/Driftleder_Stilling_20260310_125722-300x300.jpg 300w, https:\/\/tech-automation.host6.slyde.dk\/wp-content\/uploads\/2026\/04\/Driftleder_Stilling_20260310_125722-150x150.jpg 150w, https:\/\/tech-automation.host6.slyde.dk\/wp-content\/uploads\/2026\/04\/Driftleder_Stilling_20260310_125722-768x768.jpg 768w, https:\/\/tech-automation.host6.slyde.dk\/wp-content\/uploads\/2026\/04\/Driftleder_Stilling_20260310_125722.jpg 1200w\" sizes=\"(max-width: 800px) 100vw, 800px\" \/>\t\t\t\t\t\t\t\t\t\t\t\t\t\t\t<\/div>\n\t\t\t\t\t<\/div>\n\t\t\t\t<\/div>\n\t\t\t\t<section class=\"elementor-section elementor-inner-section elementor-element elementor-element-7d80fdbf elementor-section-content-top elementor-section-boxed elementor-section-height-default elementor-section-height-default\" data-id=\"7d80fdbf\" data-element_type=\"section\" data-e-type=\"section\">\n\t\t\t\t\t\t\t<div class=\"elementor-background-overlay\"><\/div>\n\t\t\t\t\t\t\t<div class=\"elementor-container elementor-column-gap-default\">\n\t\t\t\t\t<div class=\"elementor-column elementor-col-100 elementor-inner-column elementor-element elementor-element-230916ae\" data-id=\"230916ae\" data-element_type=\"column\" data-e-type=\"column\">\n\t\t\t<div class=\"elementor-widget-wrap elementor-element-populated\">\n\t\t\t\t\t\t<div class=\"elementor-element elementor-element-29fd7e5 elementor-widget-divider--view-line elementor-widget elementor-widget-divider\" data-id=\"29fd7e5\" data-element_type=\"widget\" data-e-type=\"widget\" data-widget_type=\"divider.default\">\n\t\t\t\t\t\t\t<div class=\"elementor-divider\">\n\t\t\t<span class=\"elementor-divider-separator\">\n\t\t\t\t\t\t<\/span>\n\t\t<\/div>\n\t\t\t\t\t\t<\/div>\n\t\t\t\t<div class=\"elementor-element elementor-element-78ea06c elementor-invisible elementor-widget elementor-widget-heading\" data-id=\"78ea06c\" data-element_type=\"widget\" data-e-type=\"widget\" data-settings=\"{&quot;_animation&quot;:&quot;fadeInDown&quot;,&quot;_animation_delay&quot;:500}\" data-widget_type=\"heading.default\">\n\t\t\t\t\t<h2 class=\"elementor-heading-title elementor-size-default\">Poszukujemy r\u00f3wnie\u017c...<\/h2>\t\t\t\t<\/div>\n\t\t<div class=\"elementor-element elementor-element-5cebfaa e-flex e-con-boxed e-con e-parent\" data-id=\"5cebfaa\" data-element_type=\"container\" data-e-type=\"container\">\n\t\t\t\t\t<div class=\"e-con-inner\">\n\t\t<div class=\"elementor-element elementor-element-c38d3c4 e-flex e-con-boxed e-con e-child\" data-id=\"c38d3c4\" data-element_type=\"container\" data-e-type=\"container\">\n\t\t\t\t\t<div class=\"e-con-inner\">\n\t\t\t\t<div class=\"elementor-element elementor-element-0b4f54c elementor-widget elementor-widget-image\" data-id=\"0b4f54c\" data-element_type=\"widget\" data-e-type=\"widget\" data-widget_type=\"image.default\">\n\t\t\t\t\t\t\t\t\t\t\t\t\t\t\t<img decoding=\"async\" width=\"800\" height=\"381\" src=\"https:\/\/tech-automation.host6.slyde.dk\/wp-content\/uploads\/2024\/01\/Stillinger_Konstruktoer_1000.jpg\" class=\"attachment-large size-large wp-image-4007\" alt=\"\" srcset=\"https:\/\/tech-automation.host6.slyde.dk\/wp-content\/uploads\/2024\/01\/Stillinger_Konstruktoer_1000.jpg 1000w, https:\/\/tech-automation.host6.slyde.dk\/wp-content\/uploads\/2024\/01\/Stillinger_Konstruktoer_1000-300x143.jpg 300w, https:\/\/tech-automation.host6.slyde.dk\/wp-content\/uploads\/2024\/01\/Stillinger_Konstruktoer_1000-768x366.jpg 768w\" sizes=\"(max-width: 800px) 100vw, 800px\" \/>\t\t\t\t\t\t\t\t\t\t\t\t\t\t\t<\/div>\n\t\t\t\t<div class=\"elementor-element elementor-element-4b4b6c0 elementor-widget elementor-widget-heading\" data-id=\"4b4b6c0\" data-element_type=\"widget\" data-e-type=\"widget\" data-widget_type=\"heading.default\">\n\t\t\t\t\t<h3 class=\"elementor-heading-title elementor-size-default\">Poszukujemy projektanta instalacji elektrycznych i kierownik\u00f3w projekt\u00f3w<\/h3>\t\t\t\t<\/div>\n\t\t\t\t<div class=\"elementor-element elementor-element-be78c4f elementor-widget elementor-widget-text-editor\" data-id=\"be78c4f\" data-element_type=\"widget\" data-e-type=\"widget\" data-widget_type=\"text-editor.default\">\n\t\t\t\t\t\t\t\t\t<p><strong>Jeste\u015bmy zaj\u0119ci i mamy du\u017ce zapotrzebowanie, dlatego poszukujemy <\/strong><b>projektant\u00f3w elektrycznych i kierownik\u00f3w projekt\u00f3w, kt\u00f3rzy chc\u0105 tworzy\u0107 solidne rozwi\u0105zania techniczne w \u015bcis\u0142ej wsp\u00f3\u0142pracy z klientami, wsp\u00f3\u0142pracownikami i projektami w bran\u017cy.<\/b><\/p>\t\t\t\t\t\t\t\t<\/div>\n\t\t\t\t<div class=\"elementor-element elementor-element-d3b69c4 elementor-widget elementor-widget-button\" data-id=\"d3b69c4\" data-element_type=\"widget\" data-e-type=\"widget\" data-widget_type=\"button.default\">\n\t\t\t\t\t\t\t\t\t\t<a class=\"elementor-button elementor-button-link elementor-size-sm\" href=\"mailto:info@tech-automation.dk?subject=Uopfordret%20ans\u00f8gning\">\n\t\t\t\t\t\t<span class=\"elementor-button-content-wrapper\">\n\t\t\t\t\t\t\t\t\t<span class=\"elementor-button-text\">Zach\u0119camy do sk\u0142adania niezam\u00f3wionych aplikacji<\/span>\n\t\t\t\t\t<\/span>\n\t\t\t\t\t<\/a>\n\t\t\t\t\t\t\t\t<\/div>\n\t\t\t\t\t<\/div>\n\t\t\t\t<\/div>\n\t\t<div class=\"elementor-element elementor-element-6cbfb6a e-flex e-con-boxed e-con e-child\" data-id=\"6cbfb6a\" data-element_type=\"container\" data-e-type=\"container\">\n\t\t\t\t\t<div class=\"e-con-inner\">\n\t\t\t\t<div class=\"elementor-element elementor-element-f556402 elementor-widget elementor-widget-image\" data-id=\"f556402\" data-element_type=\"widget\" data-e-type=\"widget\" data-widget_type=\"image.default\">\n\t\t\t\t\t\t\t\t\t\t\t\t\t\t\t<img decoding=\"async\" width=\"800\" height=\"381\" src=\"https:\/\/tech-automation.host6.slyde.dk\/wp-content\/uploads\/2024\/01\/Stilling_tavlebygger_1000.jpg\" class=\"attachment-large size-large wp-image-4009\" alt=\"\" srcset=\"https:\/\/tech-automation.host6.slyde.dk\/wp-content\/uploads\/2024\/01\/Stilling_tavlebygger_1000.jpg 1000w, https:\/\/tech-automation.host6.slyde.dk\/wp-content\/uploads\/2024\/01\/Stilling_tavlebygger_1000-300x143.jpg 300w, https:\/\/tech-automation.host6.slyde.dk\/wp-content\/uploads\/2024\/01\/Stilling_tavlebygger_1000-768x366.jpg 768w\" sizes=\"(max-width: 800px) 100vw, 800px\" \/>\t\t\t\t\t\t\t\t\t\t\t\t\t\t\t<\/div>\n\t\t\t\t<div class=\"elementor-element elementor-element-47892c7 elementor-widget elementor-widget-heading\" data-id=\"47892c7\" data-element_type=\"widget\" data-e-type=\"widget\" data-widget_type=\"heading.default\">\n\t\t\t\t\t<h3 class=\"elementor-heading-title elementor-size-default\">Poszukujemy konstruktor\u00f3w paneli...<\/h3>\t\t\t\t<\/div>\n\t\t\t\t<div class=\"elementor-element elementor-element-15ee130 elementor-widget elementor-widget-text-editor\" data-id=\"15ee130\" data-element_type=\"widget\" data-e-type=\"widget\" data-widget_type=\"text-editor.default\">\n\t\t\t\t\t\t\t\t\t<p><b>Chcesz pracowa\u0107 z tablicami rozdzielczymi lub panelami sterowania? Czy widzisz siebie w firmie, kt\u00f3ra ceni sobie wsp\u00f3\u0142prac\u0119, dobre samopoczucie i rozw\u00f3j zawodowy? W takim razie mo\u017cesz by\u0107 naszym nowym koleg\u0105!  <\/b><\/p>\t\t\t\t\t\t\t\t<\/div>\n\t\t\t\t<div class=\"elementor-element elementor-element-a0562b1 elementor-widget elementor-widget-button\" data-id=\"a0562b1\" data-element_type=\"widget\" data-e-type=\"widget\" data-widget_type=\"button.default\">\n\t\t\t\t\t\t\t\t\t\t<a class=\"elementor-button elementor-button-link elementor-size-sm\" href=\"mailto:info@tech-automation.dk?subject=Uopfordret%20ans\u00f8gning\">\n\t\t\t\t\t\t<span class=\"elementor-button-content-wrapper\">\n\t\t\t\t\t\t\t\t\t<span class=\"elementor-button-text\">Zach\u0119camy do sk\u0142adania niezam\u00f3wionych aplikacji<\/span>\n\t\t\t\t\t<\/span>\n\t\t\t\t\t<\/a>\n\t\t\t\t\t\t\t\t<\/div>\n\t\t\t\t\t<\/div>\n\t\t\t\t<\/div>\n\t\t\t\t\t<\/div>\n\t\t\t\t<\/div>\n\t\t\t\t\t<\/div>\n\t\t<\/div>\n\t\t\t\t\t<\/div>\n\t\t<\/section>\n\t\t\t\t\t<\/div>\n\t\t<\/div>\n\t\t\t\t\t<\/div>\n\t\t<\/section>\n\t\t\t\t<\/div>\n\t\t","protected":false},"excerpt":{"rendered":"<p>Oferty pracy Na tej stronie mo\u017cna przeczyta\u0107 wi\u0119cej o naszych ofertach pracy. Nieustannie poszukujemy utalentowanych i innowacyjnych pracownik\u00f3w, dlatego ch\u0119tnie przyjmujemy niezam\u00f3wione aplikacje. Do\u0142\u0105cz do podr\u00f3\u017cy z Tech Automation! SZUKAMY Kierownik dzia\u0142u ds. warsztat\u00f3w tablicowych Czy chcesz kierowa\u0107 silnym, profesjonalnym zespo\u0142em i pomaga\u0107 w zapewnieniu wysokiej jako\u015bci produkcji rozdzielnic elektrycznych? W takim razie mo\u017cesz zosta\u0107 [&hellip;]<\/p>\n","protected":false},"author":7,"featured_media":0,"parent":0,"menu_order":0,"comment_status":"closed","ping_status":"closed","template":"","meta":{"footnotes":""},"class_list":["post-4162","page","type-page","status-publish","hentry"],"_links":{"self":[{"href":"https:\/\/tech-automation.host6.slyde.dk\/pl\/wp-json\/wp\/v2\/pages\/4162","targetHints":{"allow":["GET"]}}],"collection":[{"href":"https:\/\/tech-automation.host6.slyde.dk\/pl\/wp-json\/wp\/v2\/pages"}],"about":[{"href":"https:\/\/tech-automation.host6.slyde.dk\/pl\/wp-json\/wp\/v2\/types\/page"}],"author":[{"embeddable":true,"href":"https:\/\/tech-automation.host6.slyde.dk\/pl\/wp-json\/wp\/v2\/users\/7"}],"replies":[{"embeddable":true,"href":"https:\/\/tech-automation.host6.slyde.dk\/pl\/wp-json\/wp\/v2\/comments?post=4162"}],"version-history":[{"count":15,"href":"https:\/\/tech-automation.host6.slyde.dk\/pl\/wp-json\/wp\/v2\/pages\/4162\/revisions"}],"predecessor-version":[{"id":9553,"href":"https:\/\/tech-automation.host6.slyde.dk\/pl\/wp-json\/wp\/v2\/pages\/4162\/revisions\/9553"}],"wp:attachment":[{"href":"https:\/\/tech-automation.host6.slyde.dk\/pl\/wp-json\/wp\/v2\/media?parent=4162"}],"curies":[{"name":"wp","href":"https:\/\/api.w.org\/{rel}","templated":true}]}}